{"id":7568,"date":"2023-05-29T14:59:03","date_gmt":"2023-05-29T14:59:03","guid":{"rendered":"https:\/\/hafidoune-academy.com\/finance-islamique\/?page_id=7568"},"modified":"2025-02-27T10:12:15","modified_gmt":"2025-02-27T10:12:15","slug":"mourabaha-vehicule","status":"publish","type":"page","link":"https:\/\/www.bdl.dz\/finance-islamique\/?page_id=7568","title":{"rendered":"Mourabaha vehicule"},"content":{"rendered":"\t\t<div data-elementor-type=\"wp-page\" data-elementor-id=\"7568\" class=\"elementor elementor-7568\">\n\t\t\t\t<div class=\"elementor-element elementor-element-93f60e1 e-flex e-con-boxed wpr-particle-no wpr-jarallax-no wpr-parallax-no wpr-sticky-section-no wpr-equal-height-no e-con e-parent\" data-id=\"93f60e1\" data-element_type=\"container\" data-e-type=\"container\">\n\t\t\t\t\t<div class=\"e-con-inner\">\n\t\t\t\t<div class=\"elementor-element elementor-element-125ea55 elementor-widget elementor-widget-ct_title\" data-id=\"125ea55\" data-element_type=\"widget\" data-e-type=\"widget\" data-widget_type=\"ct_title.default\">\n\t\t\t\t<div class=\"elementor-widget-container\">\n\t\t\t\t\t<div class=\"ct-title1 style2\">\r\n    <h3>\r\n        <span>Mourabaha vehicules<\/span>\r\n        <i><\/i>\r\n    <\/h3>\r\n<\/div>\t\t\t\t<\/div>\n\t\t\t\t<\/div>\n\t\t\t\t\t<\/div>\n\t\t\t\t<\/div>\n\t\t<div class=\"elementor-element elementor-element-399cfa0 e-flex e-con-boxed wpr-particle-no wpr-jarallax-no wpr-parallax-no wpr-sticky-section-no wpr-equal-height-no e-con e-parent\" data-id=\"399cfa0\" data-element_type=\"container\" data-e-type=\"container\">\n\t\t\t\t\t<div class=\"e-con-inner\">\n\t\t<div class=\"elementor-element elementor-element-c0e04fd e-con-full e-flex wpr-particle-no wpr-jarallax-no wpr-parallax-no wpr-sticky-section-no wpr-equal-height-no e-con e-child\" data-id=\"c0e04fd\" data-element_type=\"container\" data-e-type=\"container\">\n\t\t\t\t<div class=\"elementor-element elementor-element-44f1e83 elementor-widget elementor-widget-text-editor\" data-id=\"44f1e83\" data-element_type=\"widget\" data-e-type=\"widget\" data-widget_type=\"text-editor.default\">\n\t\t\t\t<div class=\"elementor-widget-container\">\n\t\t\t\t\t\t\t\t\t<h6>Qu&#8217;est-ce que c&#8217;est ?<\/h6>\t\t\t\t\t\t\t\t<\/div>\n\t\t\t\t<\/div>\n\t\t\t\t<div class=\"elementor-element elementor-element-fa22b86 elementor-widget elementor-widget-text-editor\" data-id=\"fa22b86\" data-element_type=\"widget\" data-e-type=\"widget\" data-widget_type=\"text-editor.default\">\n\t\t\t\t<div class=\"elementor-widget-container\">\n\t\t\t\t\t\t\t\t\t<p class=\"text-justify\">Mourabaha v\u00e9hicule consiste en l\u2019achat de v\u00e9hicules neufs par la Banque et les revendre \u00e0 un prix de revient augment\u00e9 d\u2019une marge b\u00e9n\u00e9ficiaire connue et convenue d\u2019avance.<\/p>\t\t\t\t\t\t\t\t<\/div>\n\t\t\t\t<\/div>\n\t\t\t\t<div class=\"elementor-element elementor-element-1b3a1ef elementor-widget elementor-widget-text-editor\" data-id=\"1b3a1ef\" data-element_type=\"widget\" data-e-type=\"widget\" data-widget_type=\"text-editor.default\">\n\t\t\t\t<div class=\"elementor-widget-container\">\n\t\t\t\t\t\t\t\t\t<h6>Population concern\u00e9e\u00a0<\/h6>\t\t\t\t\t\t\t\t<\/div>\n\t\t\t\t<\/div>\n\t\t\t\t<div class=\"elementor-element elementor-element-da97015 elementor-widget elementor-widget-ct_list\" data-id=\"da97015\" data-element_type=\"widget\" data-e-type=\"widget\" data-widget_type=\"ct_list.default\">\n\t\t\t\t<div class=\"elementor-widget-container\">\n\t\t\t\t\t    <div class=\"ct-list style1 \">\r\n                    <div class=\"ct-list-item\">\r\n            \t<div class=\"ct-list-icon\"><i class=\"fac fac-check-circle\"><\/i><\/div>\r\n            \t<div class=\"ct-list-meta\">\r\n\t            \t\t            \t<div class=\"ct-list-desc\">\r\n\t            \t\tToute personne physique de nationalit\u00e9 alg\u00e9rienne ;\t            \t<\/div>\r\n\t            <\/div>\r\n           <\/div>\r\n                    <div class=\"ct-list-item\">\r\n            \t<div class=\"ct-list-icon\"><i class=\"fac fac-check-circle\"><\/i><\/div>\r\n            \t<div class=\"ct-list-meta\">\r\n\t            \t\t            \t<div class=\"ct-list-desc\">\r\n\t            \t\tAvoir l\u2019\u00e2ge limite de 65 ans \u00e0 la date de la demande du financement.\t            \t<\/div>\r\n\t            <\/div>\r\n           <\/div>\r\n            <\/div>\r\n\t\t\t\t<\/div>\n\t\t\t\t<\/div>\n\t\t\t\t<div class=\"elementor-element elementor-element-fc88e12 elementor-widget elementor-widget-text-editor\" data-id=\"fc88e12\" data-element_type=\"widget\" data-e-type=\"widget\" data-widget_type=\"text-editor.default\">\n\t\t\t\t<div class=\"elementor-widget-container\">\n\t\t\t\t\t\t\t\t\t<h6>Montant de financement Mourabaha v\u00e9hicule<\/h6>\t\t\t\t\t\t\t\t<\/div>\n\t\t\t\t<\/div>\n\t\t\t\t<div class=\"elementor-element elementor-element-26d5bc7 elementor-widget elementor-widget-ct_list\" data-id=\"26d5bc7\" data-element_type=\"widget\" data-e-type=\"widget\" data-widget_type=\"ct_list.default\">\n\t\t\t\t<div class=\"elementor-widget-container\">\n\t\t\t\t\t    <div class=\"ct-list style1 \">\r\n                    <div class=\"ct-list-item\">\r\n            \t<div class=\"ct-list-icon\"><i class=\"fac fac-check-circle\"><\/i><\/div>\r\n            \t<div class=\"ct-list-meta\">\r\n\t            \t\t            \t<div class=\"ct-list-desc\">\r\n\t            \t\tLe montant de Mourabaha V\u00e9hicule ne saurait \u00eatre Sup\u00e9rieur \u00e0 trois millions cinq cent mille dinars alg\u00e9riens (3 500 000 DA)\t            \t<\/div>\r\n\t            <\/div>\r\n           <\/div>\r\n                    <div class=\"ct-list-item\">\r\n            \t<div class=\"ct-list-icon\"><i class=\"fac fac-check-circle\"><\/i><\/div>\r\n            \t<div class=\"ct-list-meta\">\r\n\t            \t\t            \t<div class=\"ct-list-desc\">\r\n\t            \t\tle montant maximum du financement Mourabaha v\u00e9hicule peut atteindre les 100 % de la valeur du v\u00e9hicule \u00e0 financer en toutes taxes comprises (TTC) .\t            \t<\/div>\r\n\t            <\/div>\r\n           <\/div>\r\n            <\/div>\r\n\t\t\t\t<\/div>\n\t\t\t\t<\/div>\n\t\t\t\t<\/div>\n\t\t<div class=\"elementor-element elementor-element-5d27554 e-con-full e-flex wpr-particle-no wpr-jarallax-no wpr-parallax-no wpr-sticky-section-no wpr-equal-height-no e-con e-child\" data-id=\"5d27554\" data-element_type=\"container\" data-e-type=\"container\">\n\t\t\t\t<div class=\"elementor-element elementor-element-fd1e5aa elementor-widget elementor-widget-text-editor\" data-id=\"fd1e5aa\" data-element_type=\"widget\" data-e-type=\"widget\" data-widget_type=\"text-editor.default\">\n\t\t\t\t<div class=\"elementor-widget-container\">\n\t\t\t\t\t\t\t\t\t<h6>Projets financ\u00e9s\u00a0<\/h6>\t\t\t\t\t\t\t\t<\/div>\n\t\t\t\t<\/div>\n\t\t\t\t<div class=\"elementor-element elementor-element-4bb29ba elementor-widget elementor-widget-ct_list\" data-id=\"4bb29ba\" data-element_type=\"widget\" data-e-type=\"widget\" data-widget_type=\"ct_list.default\">\n\t\t\t\t<div class=\"elementor-widget-container\">\n\t\t\t\t\t    <div class=\"ct-list style1 \">\r\n                    <div class=\"ct-list-item\">\r\n            \t<div class=\"ct-list-icon\"><i class=\"fac fac-check-circle\"><\/i><\/div>\r\n            \t<div class=\"ct-list-meta\">\r\n\t            \t\t            \t<div class=\"ct-list-desc\">\r\n\t            \t\tV\u00e9hicules de tourisme, cycle ou tricycle \u00e0 moteur produits ou assembl\u00e9s en alg\u00e9rie.\t            \t<\/div>\r\n\t            <\/div>\r\n           <\/div>\r\n            <\/div>\r\n\t\t\t\t<\/div>\n\t\t\t\t<\/div>\n\t\t\t\t<div class=\"elementor-element elementor-element-9f4dcf0 elementor-widget elementor-widget-text-editor\" data-id=\"9f4dcf0\" data-element_type=\"widget\" data-e-type=\"widget\" data-widget_type=\"text-editor.default\">\n\t\t\t\t<div class=\"elementor-widget-container\">\n\t\t\t\t\t\t\t\t\t<h6>Marge de profit\u00a0<\/h6>\t\t\t\t\t\t\t\t<\/div>\n\t\t\t\t<\/div>\n\t\t\t\t<div class=\"elementor-element elementor-element-7f4b86d elementor-widget elementor-widget-ct_list\" data-id=\"7f4b86d\" data-element_type=\"widget\" data-e-type=\"widget\" data-widget_type=\"ct_list.default\">\n\t\t\t\t<div class=\"elementor-widget-container\">\n\t\t\t\t\t    <div class=\"ct-list style1 \">\r\n                    <div class=\"ct-list-item\">\r\n            \t<div class=\"ct-list-icon\"><i class=\"fac fac-check-circle\"><\/i><\/div>\r\n            \t<div class=\"ct-list-meta\">\r\n\t            \t\t            \t<div class=\"ct-list-desc\">\r\n\t            \t\tLa marge de profit \u00e0 appliquer est de 8.50%.\t            \t<\/div>\r\n\t            <\/div>\r\n           <\/div>\r\n            <\/div>\r\n\t\t\t\t<\/div>\n\t\t\t\t<\/div>\n\t\t\t\t<div class=\"elementor-element elementor-element-37f0f51 elementor-widget elementor-widget-text-editor\" data-id=\"37f0f51\" data-element_type=\"widget\" data-e-type=\"widget\" data-widget_type=\"text-editor.default\">\n\t\t\t\t<div class=\"elementor-widget-container\">\n\t\t\t\t\t\t\t\t\t<h6>Dur\u00e9e du paiement \u00e9chelonn\u00e9:<\/h6>\t\t\t\t\t\t\t\t<\/div>\n\t\t\t\t<\/div>\n\t\t\t\t<div class=\"elementor-element elementor-element-f7246af elementor-widget elementor-widget-ct_list\" data-id=\"f7246af\" data-element_type=\"widget\" data-e-type=\"widget\" data-widget_type=\"ct_list.default\">\n\t\t\t\t<div class=\"elementor-widget-container\">\n\t\t\t\t\t    <div class=\"ct-list style1 \">\r\n                    <div class=\"ct-list-item\">\r\n            \t<div class=\"ct-list-icon\"><i class=\"fac fac-check-circle\"><\/i><\/div>\r\n            \t<div class=\"ct-list-meta\">\r\n\t            \t\t            \t<div class=\"ct-list-desc\">\r\n\t            \t\tLa dur\u00e9e ne peut \u00eatre inf\u00e9rieure \u00e0 trois (03) mois sans exc\u00e9der soixante (60) mois.\t            \t<\/div>\r\n\t            <\/div>\r\n           <\/div>\r\n            <\/div>\r\n\t\t\t\t<\/div>\n\t\t\t\t<\/div>\n\t\t\t\t<div class=\"elementor-element elementor-element-992d628 elementor-widget elementor-widget-text-editor\" data-id=\"992d628\" data-element_type=\"widget\" data-e-type=\"widget\" data-widget_type=\"text-editor.default\">\n\t\t\t\t<div class=\"elementor-widget-container\">\n\t\t\t\t\t\t\t\t\t<h6>Produits associ\u00e9s&nbsp;<\/h6>\t\t\t\t\t\t\t\t<\/div>\n\t\t\t\t<\/div>\n\t\t\t\t<div class=\"elementor-element elementor-element-9b64acf elementor-widget elementor-widget-ct_list\" data-id=\"9b64acf\" data-element_type=\"widget\" data-e-type=\"widget\" data-widget_type=\"ct_list.default\">\n\t\t\t\t<div class=\"elementor-widget-container\">\n\t\t\t\t\t    <div class=\"ct-list style1 \">\r\n                    <div class=\"ct-list-item\">\r\n            \t<div class=\"ct-list-icon\"><i class=\"fac fac-check-circle\"><\/i><\/div>\r\n            \t<div class=\"ct-list-meta\">\r\n\t            \t\t            \t<div class=\"ct-list-desc\">\r\n\t            \t\tCompte ch\u00e8que islamique\t            \t<\/div>\r\n\t            <\/div>\r\n           <\/div>\r\n            <\/div>\r\n\t\t\t\t<\/div>\n\t\t\t\t<\/div>\n\t\t\t\t<\/div>\n\t\t\t\t\t<\/div>\n\t\t\t\t<\/div>\n\t\t<div class=\"elementor-element elementor-element-18825bb e-flex e-con-boxed wpr-particle-no wpr-jarallax-no wpr-parallax-no wpr-sticky-section-no wpr-equal-height-no e-con e-parent\" data-id=\"18825bb\" data-element_type=\"container\" data-e-type=\"container\">\n\t\t\t\t\t<div class=\"e-con-inner\">\n\t\t<div class=\"elementor-element elementor-element-13b1cef e-con-full e-flex wpr-particle-no wpr-jarallax-no wpr-parallax-no wpr-sticky-section-no wpr-equal-height-no e-con e-child\" data-id=\"13b1cef\" data-element_type=\"container\" data-e-type=\"container\">\n\t\t<div class=\"elementor-element elementor-element-2c386dd e-flex e-con-boxed wpr-particle-no wpr-jarallax-no wpr-parallax-no wpr-sticky-section-no wpr-equal-height-no e-con e-child\" data-id=\"2c386dd\" data-element_type=\"container\" data-e-type=\"container\">\n\t\t\t\t\t<div class=\"e-con-inner\">\n\t\t\t\t<div class=\"elementor-element elementor-element-7418572 elementor-align-center elementor-widget elementor-widget-ct_button\" data-id=\"7418572\" data-element_type=\"widget\" data-e-type=\"widget\" data-widget_type=\"ct_button.default\">\n\t\t\t\t<div class=\"elementor-widget-container\">\n\t\t\t\t\t<div class=\"ct-button-wrapper ct-button-layout1\">\r\n    <a href=\"https:\/\/banqueenligne.bdl.dz\/\" class=\"btn btn-preset4  \" target=\"_blank\" rel=\"noopener\">\r\n                            <span class=\"ct-button-icon ct-align-icon-\">\r\n                            <\/span>\r\n                <span class=\"ct-button-text\">Demandez votre financement en ligne<\/span>\r\n    <\/a>\r\n<\/div>\t\t\t\t<\/div>\n\t\t\t\t<\/div>\n\t\t\t\t\t<\/div>\n\t\t\t\t<\/div>\n\t\t\t\t<\/div>\n\t\t<div class=\"elementor-element elementor-element-e3ef6dd e-con-full e-flex wpr-particle-no wpr-jarallax-no wpr-parallax-no wpr-sticky-section-no wpr-equal-height-no e-con e-child\" data-id=\"e3ef6dd\" data-element_type=\"container\" data-e-type=\"container\">\n\t\t\t\t<div class=\"elementor-element elementor-element-5baef80 elementor-align-center elementor-widget elementor-widget-ct_button\" data-id=\"5baef80\" data-element_type=\"widget\" data-e-type=\"widget\" data-widget_type=\"ct_button.default\">\n\t\t\t\t<div class=\"elementor-widget-container\">\n\t\t\t\t\t<div class=\"ct-button-wrapper ct-button-layout1\">\r\n    <a href=\"https:\/\/www.bdl.dz\/finance-islamique\/?page_id=4435\" class=\"btn btn-preset4  \">\r\n                            <span class=\"ct-button-icon ct-align-icon-\">\r\n                            <\/span>\r\n                <span class=\"ct-button-text\">Simulatez votre financement<\/span>\r\n    <\/a>\r\n<\/div>\t\t\t\t<\/div>\n\t\t\t\t<\/div>\n\t\t\t\t<\/div>\n\t\t\t\t\t<\/div>\n\t\t\t\t<\/div>\n\t\t<div class=\"elementor-element elementor-element-497ef00 e-flex e-con-boxed wpr-particle-no wpr-jarallax-no wpr-parallax-no wpr-sticky-section-no wpr-equal-height-no e-con e-parent\" data-id=\"497ef00\" data-element_type=\"container\" data-e-type=\"container\">\n\t\t\t\t\t<div class=\"e-con-inner\">\n\t\t\t\t<div class=\"elementor-element elementor-element-ec3c25c elementor-widget elementor-widget-ct_title\" data-id=\"ec3c25c\" data-element_type=\"widget\" data-e-type=\"widget\" data-widget_type=\"ct_title.default\">\n\t\t\t\t<div class=\"elementor-widget-container\">\n\t\t\t\t\t<div class=\"ct-title1 style2\">\r\n    <h3>\r\n        <span>FAQ<\/span>\r\n        <i><\/i>\r\n    <\/h3>\r\n<\/div>\t\t\t\t<\/div>\n\t\t\t\t<\/div>\n\t\t\t\t\t<\/div>\n\t\t\t\t<\/div>\n\t\t<div class=\"elementor-element elementor-element-f9f49ea e-flex e-con-boxed wpr-particle-no wpr-jarallax-no wpr-parallax-no wpr-sticky-section-no wpr-equal-height-no e-con e-parent\" data-id=\"f9f49ea\" data-element_type=\"container\" data-e-type=\"container\">\n\t\t\t\t\t<div class=\"e-con-inner\">\n\t\t<div class=\"elementor-element elementor-element-5560308 e-con-full e-flex wpr-particle-no wpr-jarallax-no wpr-parallax-no wpr-sticky-section-no wpr-equal-height-no e-con e-child\" data-id=\"5560308\" data-element_type=\"container\" data-e-type=\"container\">\n\t\t\t\t<div class=\"elementor-element elementor-element-6130e52 elementor-widget__width-initial elementor-widget elementor-widget-ct_accordion\" data-id=\"6130e52\" data-element_type=\"widget\" data-e-type=\"widget\" data-widget_type=\"ct_accordion.default\">\n\t\t\t\t<div class=\"elementor-widget-container\">\n\t\t\t\t\t    <div id=\"ct_accordion-6130e52\" class=\"ct-accordion layout1 \">\r\n                    <div class=\"ct-accordion-item \">\r\n                <div class=\"ct-ac-title \" data-target=\"#5ba9ac6ct_accordion-6130e52\">\r\n                    <a class=\"ct-ac-title-text\">Qu&#039;est ce que Mourabaha V\u00e9hicule BDL?<\/a>\r\n                <\/div>\r\n                <div id=\"5ba9ac6ct_accordion-6130e52\" class=\"ct-ac-content\">Mourabaha v\u00e9hicule est une op\u00e9ration qui consiste \u00e0 acheter par la banque un v\u00e9hicule neuf de tourisme, cycle ou tri cycle \u00e0 moteur et de le revendre au client \u00e0 un prix de revient augment\u00e9 d\u2019une marge b\u00e9n\u00e9ficiaire connue et convenue \u00e0 l\u2019avance<br \/>\n<br \/>\n<br \/>\n<br \/>\n<\/div>\r\n            <\/div>\r\n                    <div class=\"ct-accordion-item \">\r\n                <div class=\"ct-ac-title \" data-target=\"#dc47a19ct_accordion-6130e52\">\r\n                    <a class=\"ct-ac-title-text\">Quels sont les produits pris en charge par Mourabaha V\u00e9hicule BDL?<\/a>\r\n                <\/div>\r\n                <div id=\"dc47a19ct_accordion-6130e52\" class=\"ct-ac-content\">La formule Mourabaha V\u00e9hicule de la BDL est destin\u00e9 pour l'acquisition de v\u00e9hicule de tourisme, cycle ou tricycle \u00e0 moteur.<br \/>\n<br \/>\n<br \/>\n<br \/>\n<\/div>\r\n            <\/div>\r\n                    <div class=\"ct-accordion-item \">\r\n                <div class=\"ct-ac-title \" data-target=\"#f2e7928ct_accordion-6130e52\">\r\n                    <a class=\"ct-ac-title-text\">Quelles sont les conditions d\u2019\u00e9ligibilit\u00e9 \u00e0 la mourabaha V\u00e9hicule BDL?<\/a>\r\n                <\/div>\r\n                <div id=\"f2e7928ct_accordion-6130e52\" class=\"ct-ac-content\">Le client Mourabaha v\u00e9hicule (donneur d\u2019ordre d\u2019achat) doit satisfaire les conditions d\u2019\u00e9ligibilit\u00e9 ci-apr\u00e8s :<br \/>\n<br \/>\nEtre de nationalit\u00e9 alg\u00e9rienne ;<br \/>\nAvoir une r\u00e9sidence fixe en Alg\u00e9rie ;<br \/>\nAvoir l\u2019\u00e2ge limite de 65 ans \u00e0 la date de la demande du financement ;<br \/>\nAvoir la majorit\u00e9 l\u00e9gale et jouir de la capacit\u00e9 juridique \u00e0 la date de la demande du financement ;<br \/>\nJustifier d\u2019un revenu r\u00e9gulier, sup\u00e9rieur ou \u00e9gal \u00e0 une fois et demie (1,5) le SNMG.<br \/>\n<\/div>\r\n            <\/div>\r\n                    <div class=\"ct-accordion-item \">\r\n                <div class=\"ct-ac-title \" data-target=\"#19bb2bbct_accordion-6130e52\">\r\n                    <a class=\"ct-ac-title-text\">Quel est le montant du financement Mourabaha v\u00e9hicule?<\/a>\r\n                <\/div>\r\n                <div id=\"19bb2bbct_accordion-6130e52\" class=\"ct-ac-content\">Le montant de Mourabaha v\u00e9hicule Ne saurait \u00eatre sup\u00e9rieur \u00e0 3 500 000DA tenant compte de la nature du v\u00e9hicule \u00e0 acqu\u00e9rir.<br \/>\n<br \/>\n<\/div>\r\n            <\/div>\r\n                    <div class=\"ct-accordion-item \">\r\n                <div class=\"ct-ac-title \" data-target=\"#f9a7e29ct_accordion-6130e52\">\r\n                    <a class=\"ct-ac-title-text\">Y a-t-il des frais de gestions pr\u00e9lev\u00e9s du dossier du Mourabaha V\u00e9hicule BDL ?<\/a>\r\n                <\/div>\r\n                <div id=\"f9a7e29ct_accordion-6130e52\" class=\"ct-ac-content\">Non, les frais de gestion du Mourabaha v\u00e9hicule sont gratuits.<br \/>\n<\/div>\r\n            <\/div>\r\n            <\/div>\r\n\t\t\t\t<\/div>\n\t\t\t\t<\/div>\n\t\t\t\t<\/div>\n\t\t<div class=\"elementor-element elementor-element-8026765 e-con-full e-flex wpr-particle-no wpr-jarallax-no wpr-parallax-no wpr-sticky-section-no wpr-equal-height-no e-con e-child\" data-id=\"8026765\" data-element_type=\"container\" data-e-type=\"container\">\n\t\t\t\t<div class=\"elementor-element elementor-element-7a51904 elementor-widget__width-initial elementor-widget elementor-widget-ct_accordion\" data-id=\"7a51904\" data-element_type=\"widget\" data-e-type=\"widget\" data-widget_type=\"ct_accordion.default\">\n\t\t\t\t<div class=\"elementor-widget-container\">\n\t\t\t\t\t    <div id=\"ct_accordion-7a51904\" class=\"ct-accordion layout1 \">\r\n                    <div class=\"ct-accordion-item \">\r\n                <div class=\"ct-ac-title \" data-target=\"#6d4372cct_accordion-7a51904\">\r\n                    <a class=\"ct-ac-title-text\">Y a-t-il des frais de notification pr\u00e9lev\u00e9s du dossier du Mourabaha V\u00e9hicule BDL ?<\/a>\r\n                <\/div>\r\n                <div id=\"6d4372cct_accordion-7a51904\" class=\"ct-ac-content\">Non, les frais de notification du Mourabaha v\u00e9hicule sont gratuits<br \/>\n<br \/>\n<\/div>\r\n            <\/div>\r\n                    <div class=\"ct-accordion-item \">\r\n                <div class=\"ct-ac-title \" data-target=\"#3bd6c6bct_accordion-7a51904\">\r\n                    <a class=\"ct-ac-title-text\">Quelle est la capacit\u00e9 d\u2019endettement dans Mourabaha V\u00e9hicule BDL ?<\/a>\r\n                <\/div>\r\n                <div id=\"3bd6c6bct_accordion-7a51904\" class=\"ct-ac-content\">Le taux d'endettement est fix\u00e9 \u00e0 30 % du revenu mensuel net r\u00e9guli\u00e8rement per\u00e7u par le demandeur de financement<\/div>\r\n            <\/div>\r\n                    <div class=\"ct-accordion-item \">\r\n                <div class=\"ct-ac-title \" data-target=\"#22cf47bct_accordion-7a51904\">\r\n                    <a class=\"ct-ac-title-text\">Quelles sont les conditions tarifaires appliqu\u00e9es dans Mourabaha V\u00e9hicule BDL ?<\/a>\r\n                <\/div>\r\n                <div id=\"22cf47bct_accordion-7a51904\" class=\"ct-ac-content\">Taux de profit: 8.5%<br \/>\nFrais de gestion du dossier: 0.00 DA<br \/>\nFrais de notification: 0.00 DA<br \/>\nP\u00e9nalit\u00e9 sur paiement par anticipation: 0.00 DA<br \/>\n<br \/>\n<br \/>\n<br \/>\n<\/div>\r\n            <\/div>\r\n                    <div class=\"ct-accordion-item \">\r\n                <div class=\"ct-ac-title \" data-target=\"#2e650afct_accordion-7a51904\">\r\n                    <a class=\"ct-ac-title-text\">Quelle est la dur\u00e9e de paiement Mourabaha v\u00e9hicule ?<\/a>\r\n                <\/div>\r\n                <div id=\"2e650afct_accordion-7a51904\" class=\"ct-ac-content\">La dur\u00e9e du Mourabaha V\u00e9hicule, ne peut \u00eatre inf\u00e9rieure \u00e0 trois (03) mois sans exc\u00e9der soixante (60) mois.<br \/>\n<br \/>\nUn diff\u00e9r\u00e9 de paiement peut \u00eatre accord\u00e9 pour une dur\u00e9e d\u2019un (01) mois.<br \/>\n<br \/>\n<br \/>\n<br \/>\n<\/div>\r\n            <\/div>\r\n            <\/div>\r\n\t\t\t\t<\/div>\n\t\t\t\t<\/div>\n\t\t\t\t<\/div>\n\t\t\t\t\t<\/div>\n\t\t\t\t<\/div>\n\t\t\t\t<\/div>\n\t\t","protected":false},"excerpt":{"rendered":"<p>Mourabaha vehicules Qu&#8217;est-ce que c&#8217;est ? Mourabaha v\u00e9hicule consiste en l\u2019achat de v\u00e9hicules neufs par la Banque et les revendre \u00e0 un prix de revient augment\u00e9 d\u2019une marge b\u00e9n\u00e9ficiaire connue et convenue d\u2019avance. Population concern\u00e9e\u00a0 Toute personne physique de nationalit\u00e9 alg\u00e9rienne ; Avoir l\u2019\u00e2ge limite de 65 ans \u00e0 la date de la demande du financement. Montant de financement Mourabaha v\u00e9hicule Le montant de Mourabaha V\u00e9hicule ne saurait \u00eatre Sup\u00e9rieur \u00e0 trois millions cinq cent mille dinars alg\u00e9riens (3 500 000 DA) le montant maximum du financement Mourabaha v\u00e9hicule peut atteindre les 100 % de la valeur du v\u00e9hicule \u00e0 financer en toutes taxes comprises (TTC) . Projets financ\u00e9s\u00a0 V\u00e9hicules de tourisme, cycle ou tricycle \u00e0 moteur produits ou assembl\u00e9s en alg\u00e9rie. Marge de profit\u00a0 La marge de profit \u00e0 appliquer est de 8.50%. Dur\u00e9e du paiement \u00e9chelonn\u00e9: La dur\u00e9e ne peut \u00eatre inf\u00e9rieure \u00e0 trois (03) mois sans exc\u00e9der soixante (60) mois. Produits associ\u00e9s&nbsp; Compte ch\u00e8que islamique Demandez votre financement en ligne Simulatez votre financement FAQ Qu&#039;est ce que Mourabaha V\u00e9hicule BDL? Mourabaha v\u00e9hicule est une op\u00e9ration qui consiste \u00e0 acheter par la banque un v\u00e9hicule neuf de tourisme, cycle ou tri cycle \u00e0 moteur et de le revendre au client \u00e0 un prix de revient augment\u00e9 d\u2019une marge b\u00e9n\u00e9ficiaire connue et convenue \u00e0 l\u2019avance Quels sont les produits pris en charge par Mourabaha V\u00e9hicule BDL? La formule Mourabaha V\u00e9hicule de la BDL est destin\u00e9 pour l&#8217;acquisition de v\u00e9hicule de tourisme, cycle ou tricycle \u00e0 moteur. Quelles sont les conditions d\u2019\u00e9ligibilit\u00e9 \u00e0 la mourabaha V\u00e9hicule BDL? Le client Mourabaha v\u00e9hicule (donneur d\u2019ordre d\u2019achat) doit satisfaire les conditions d\u2019\u00e9ligibilit\u00e9 ci-apr\u00e8s : Etre de nationalit\u00e9 alg\u00e9rienne ; Avoir une r\u00e9sidence fixe en Alg\u00e9rie ; Avoir l\u2019\u00e2ge limite de 65 ans \u00e0 la date de la demande du financement ; Avoir la majorit\u00e9 l\u00e9gale et jouir de la capacit\u00e9 juridique \u00e0 la date de la demande du financement ; Justifier d\u2019un revenu r\u00e9gulier, sup\u00e9rieur ou \u00e9gal \u00e0 une fois et demie (1,5) le SNMG. Quel est le montant du financement Mourabaha v\u00e9hicule? Le montant de Mourabaha v\u00e9hicule Ne saurait \u00eatre sup\u00e9rieur \u00e0 3 500 000DA tenant compte de la nature du v\u00e9hicule \u00e0 acqu\u00e9rir. Y a-t-il des frais de gestions pr\u00e9lev\u00e9s du dossier du Mourabaha V\u00e9hicule BDL ? Non, les frais de gestion du Mourabaha v\u00e9hicule sont gratuits. Y a-t-il des frais de notification pr\u00e9lev\u00e9s du dossier du Mourabaha V\u00e9hicule BDL ? Non, les frais de notification du Mourabaha v\u00e9hicule sont gratuits Quelle est la capacit\u00e9 d\u2019endettement dans Mourabaha V\u00e9hicule BDL ? Le taux d&#8217;endettement est fix\u00e9 \u00e0 30 % du revenu mensuel net r\u00e9guli\u00e8rement per\u00e7u par le demandeur de financement Quelles sont les conditions tarifaires appliqu\u00e9es dans Mourabaha V\u00e9hicule BDL ? Taux de profit: 8.5% Frais de gestion du dossier: 0.00 DA Frais de notification: 0.00 DA P\u00e9nalit\u00e9 sur paiement par anticipation: 0.00 DA Quelle est la dur\u00e9e de paiement Mourabaha v\u00e9hicule ? La dur\u00e9e du Mourabaha V\u00e9hicule, ne peut \u00eatre inf\u00e9rieure \u00e0 trois (03) mois sans exc\u00e9der soixante (60) mois. Un diff\u00e9r\u00e9 de paiement peut \u00eatre accord\u00e9 pour une dur\u00e9e d\u2019un (01) mois.<\/p>\n","protected":false},"author":1,"featured_media":0,"parent":0,"menu_order":0,"comment_status":"closed","ping_status":"closed","template":"","meta":{"footnotes":""},"class_list":["post-7568","page","type-page","status-publish","hentry"],"_links":{"self":[{"href":"https:\/\/www.bdl.dz\/finance-islamique\/index.php?rest_route=\/wp\/v2\/pages\/7568","targetHints":{"allow":["GET"]}}],"collection":[{"href":"https:\/\/www.bdl.dz\/finance-islamique\/index.php?rest_route=\/wp\/v2\/pages"}],"about":[{"href":"https:\/\/www.bdl.dz\/finance-islamique\/index.php?rest_route=\/wp\/v2\/types\/page"}],"author":[{"embeddable":true,"href":"https:\/\/www.bdl.dz\/finance-islamique\/index.php?rest_route=\/wp\/v2\/users\/1"}],"replies":[{"embeddable":true,"href":"https:\/\/www.bdl.dz\/finance-islamique\/index.php?rest_route=%2Fwp%2Fv2%2Fcomments&post=7568"}],"version-history":[{"count":6,"href":"https:\/\/www.bdl.dz\/finance-islamique\/index.php?rest_route=\/wp\/v2\/pages\/7568\/revisions"}],"predecessor-version":[{"id":8264,"href":"https:\/\/www.bdl.dz\/finance-islamique\/index.php?rest_route=\/wp\/v2\/pages\/7568\/revisions\/8264"}],"wp:attachment":[{"href":"https:\/\/www.bdl.dz\/finance-islamique\/index.php?rest_route=%2Fwp%2Fv2%2Fmedia&parent=7568"}],"curies":[{"name":"wp","href":"https:\/\/api.w.org\/{rel}","templated":true}]}}