{"id":7550,"date":"2023-05-29T14:18:18","date_gmt":"2023-05-29T14:18:18","guid":{"rendered":"https:\/\/hafidoune-academy.com\/finance-islamique\/?page_id=7550"},"modified":"2025-02-27T11:01:12","modified_gmt":"2025-02-27T11:01:12","slug":"mourabaha-consommation","status":"publish","type":"page","link":"https:\/\/www.bdl.dz\/finance-islamique\/?page_id=7550","title":{"rendered":"Mourabaha Consommation"},"content":{"rendered":"\t\t<div data-elementor-type=\"wp-page\" data-elementor-id=\"7550\" class=\"elementor elementor-7550\">\n\t\t\t\t<div class=\"elementor-element elementor-element-0dda020 e-flex e-con-boxed wpr-particle-no wpr-jarallax-no wpr-parallax-no wpr-sticky-section-no wpr-equal-height-no e-con e-parent\" data-id=\"0dda020\" data-element_type=\"container\" data-e-type=\"container\">\n\t\t\t\t\t<div class=\"e-con-inner\">\n\t\t\t\t<div class=\"elementor-element elementor-element-a790017 elementor-widget elementor-widget-ct_title\" data-id=\"a790017\" data-element_type=\"widget\" data-e-type=\"widget\" data-widget_type=\"ct_title.default\">\n\t\t\t\t<div class=\"elementor-widget-container\">\n\t\t\t\t\t<div class=\"ct-title1 style2\">\r\n    <h3>\r\n        <span>Mourabaha consommation<\/span>\r\n        <i><\/i>\r\n    <\/h3>\r\n<\/div>\t\t\t\t<\/div>\n\t\t\t\t<\/div>\n\t\t\t\t\t<\/div>\n\t\t\t\t<\/div>\n\t\t<div class=\"elementor-element elementor-element-84dc2ad e-flex e-con-boxed wpr-particle-no wpr-jarallax-no wpr-parallax-no wpr-sticky-section-no wpr-equal-height-no e-con e-parent\" data-id=\"84dc2ad\" data-element_type=\"container\" data-e-type=\"container\">\n\t\t\t\t\t<div class=\"e-con-inner\">\n\t\t<div class=\"elementor-element elementor-element-0f0ff0d e-con-full e-flex wpr-particle-no wpr-jarallax-no wpr-parallax-no wpr-sticky-section-no wpr-equal-height-no e-con e-child\" data-id=\"0f0ff0d\" data-element_type=\"container\" data-e-type=\"container\">\n\t\t\t\t<div class=\"elementor-element elementor-element-d2fcff0 elementor-widget elementor-widget-text-editor\" data-id=\"d2fcff0\" data-element_type=\"widget\" data-e-type=\"widget\" data-widget_type=\"text-editor.default\">\n\t\t\t\t<div class=\"elementor-widget-container\">\n\t\t\t\t\t\t\t\t\t<h6>Qu&#8217;est-ce que c&#8217;est ?<\/h6>\t\t\t\t\t\t\t\t<\/div>\n\t\t\t\t<\/div>\n\t\t\t\t<div class=\"elementor-element elementor-element-e88ac64 elementor-widget elementor-widget-text-editor\" data-id=\"e88ac64\" data-element_type=\"widget\" data-e-type=\"widget\" data-widget_type=\"text-editor.default\">\n\t\t\t\t<div class=\"elementor-widget-container\">\n\t\t\t\t\t\t\t\t\t<p class=\"text-justify\">Mourabaha Consommation consiste en l\u2019achat de biens et \u00e9quipements neufs par la Banque et les revendre \u00e0 un prix de revient augment\u00e9 d\u2019une marge b\u00e9n\u00e9ficiaire connue et convenue d\u2019avance<\/p>\t\t\t\t\t\t\t\t<\/div>\n\t\t\t\t<\/div>\n\t\t\t\t<div class=\"elementor-element elementor-element-e995d8f elementor-widget elementor-widget-text-editor\" data-id=\"e995d8f\" data-element_type=\"widget\" data-e-type=\"widget\" data-widget_type=\"text-editor.default\">\n\t\t\t\t<div class=\"elementor-widget-container\">\n\t\t\t\t\t\t\t\t\t<h6>Population concern\u00e9e<\/h6>\t\t\t\t\t\t\t\t<\/div>\n\t\t\t\t<\/div>\n\t\t\t\t<div class=\"elementor-element elementor-element-2d47ee4 elementor-widget elementor-widget-ct_list\" data-id=\"2d47ee4\" data-element_type=\"widget\" data-e-type=\"widget\" data-widget_type=\"ct_list.default\">\n\t\t\t\t<div class=\"elementor-widget-container\">\n\t\t\t\t\t    <div class=\"ct-list style1 \">\r\n                    <div class=\"ct-list-item\">\r\n            \t<div class=\"ct-list-icon\"><i class=\"fac fac-check-circle\"><\/i><\/div>\r\n            \t<div class=\"ct-list-meta\">\r\n\t            \t\t            \t<div class=\"ct-list-desc\">\r\n\t            \t\tToute personne physique de nationalit\u00e9 alg\u00e9rienne ;\t            \t<\/div>\r\n\t            <\/div>\r\n           <\/div>\r\n                    <div class=\"ct-list-item\">\r\n            \t<div class=\"ct-list-icon\"><i class=\"fac fac-check-circle\"><\/i><\/div>\r\n            \t<div class=\"ct-list-meta\">\r\n\t            \t\t            \t<div class=\"ct-list-desc\">\r\n\t            \t\tAvoir une r\u00e9sidence fixe en Alg\u00e9rie ;\t            \t<\/div>\r\n\t            <\/div>\r\n           <\/div>\r\n                    <div class=\"ct-list-item\">\r\n            \t<div class=\"ct-list-icon\"><i class=\"fac fac-check-circle\"><\/i><\/div>\r\n            \t<div class=\"ct-list-meta\">\r\n\t            \t\t            \t<div class=\"ct-list-desc\">\r\n\t            \t\tAvoir l\u2019\u00e2ge limite de 65 ans \u00e0 la date de la demande du financement.\t            \t<\/div>\r\n\t            <\/div>\r\n           <\/div>\r\n            <\/div>\r\n\t\t\t\t<\/div>\n\t\t\t\t<\/div>\n\t\t\t\t<div class=\"elementor-element elementor-element-50f29bf elementor-widget elementor-widget-text-editor\" data-id=\"50f29bf\" data-element_type=\"widget\" data-e-type=\"widget\" data-widget_type=\"text-editor.default\">\n\t\t\t\t<div class=\"elementor-widget-container\">\n\t\t\t\t\t\t\t\t\t<h6>Projets financ\u00e9s<\/h6>\t\t\t\t\t\t\t\t<\/div>\n\t\t\t\t<\/div>\n\t\t\t\t<div class=\"elementor-element elementor-element-1256376 elementor-widget elementor-widget-ct_list\" data-id=\"1256376\" data-element_type=\"widget\" data-e-type=\"widget\" data-widget_type=\"ct_list.default\">\n\t\t\t\t<div class=\"elementor-widget-container\">\n\t\t\t\t\t    <div class=\"ct-list style1 \">\r\n                    <div class=\"ct-list-item\">\r\n            \t<div class=\"ct-list-icon\"><i class=\"fac fac-check-circle\"><\/i><\/div>\r\n            \t<div class=\"ct-list-meta\">\r\n\t            \t\t            \t<div class=\"ct-list-desc\">\r\n\t            \t\tEquipements neufs produits ou assembl\u00e9s en alg\u00e9rie .\t            \t<\/div>\r\n\t            <\/div>\r\n           <\/div>\r\n            <\/div>\r\n\t\t\t\t<\/div>\n\t\t\t\t<\/div>\n\t\t\t\t<\/div>\n\t\t<div class=\"elementor-element elementor-element-1e790f2 e-con-full e-flex wpr-particle-no wpr-jarallax-no wpr-parallax-no wpr-sticky-section-no wpr-equal-height-no e-con e-child\" data-id=\"1e790f2\" data-element_type=\"container\" data-e-type=\"container\">\n\t\t\t\t<div class=\"elementor-element elementor-element-f2c3f4c elementor-widget elementor-widget-text-editor\" data-id=\"f2c3f4c\" data-element_type=\"widget\" data-e-type=\"widget\" data-widget_type=\"text-editor.default\">\n\t\t\t\t<div class=\"elementor-widget-container\">\n\t\t\t\t\t\t\t\t\t<h6>Marge de profit<\/h6>\t\t\t\t\t\t\t\t<\/div>\n\t\t\t\t<\/div>\n\t\t\t\t<div class=\"elementor-element elementor-element-bb8c697 elementor-widget elementor-widget-ct_list\" data-id=\"bb8c697\" data-element_type=\"widget\" data-e-type=\"widget\" data-widget_type=\"ct_list.default\">\n\t\t\t\t<div class=\"elementor-widget-container\">\n\t\t\t\t\t    <div class=\"ct-list style1 \">\r\n                    <div class=\"ct-list-item\">\r\n            \t<div class=\"ct-list-icon\"><i class=\"fac fac-check-circle\"><\/i><\/div>\r\n            \t<div class=\"ct-list-meta\">\r\n\t            \t\t            \t<div class=\"ct-list-desc\">\r\n\t            \t\tLa marge de profit \u00e0 appliquer est de 8.50%.\t            \t<\/div>\r\n\t            <\/div>\r\n           <\/div>\r\n            <\/div>\r\n\t\t\t\t<\/div>\n\t\t\t\t<\/div>\n\t\t\t\t<div class=\"elementor-element elementor-element-53c2fd7 elementor-widget elementor-widget-text-editor\" data-id=\"53c2fd7\" data-element_type=\"widget\" data-e-type=\"widget\" data-widget_type=\"text-editor.default\">\n\t\t\t\t<div class=\"elementor-widget-container\">\n\t\t\t\t\t\t\t\t\t<h6>Dur\u00e9e du financement<\/h6>\t\t\t\t\t\t\t\t<\/div>\n\t\t\t\t<\/div>\n\t\t\t\t<div class=\"elementor-element elementor-element-c345c8b elementor-widget elementor-widget-ct_list\" data-id=\"c345c8b\" data-element_type=\"widget\" data-e-type=\"widget\" data-widget_type=\"ct_list.default\">\n\t\t\t\t<div class=\"elementor-widget-container\">\n\t\t\t\t\t    <div class=\"ct-list style1 \">\r\n                    <div class=\"ct-list-item\">\r\n            \t<div class=\"ct-list-icon\"><i class=\"fac fac-check-circle\"><\/i><\/div>\r\n            \t<div class=\"ct-list-meta\">\r\n\t            \t\t            \t<div class=\"ct-list-desc\">\r\n\t            \t\tEst entre trois (03) mois et trente six (36) mois.\t            \t<\/div>\r\n\t            <\/div>\r\n           <\/div>\r\n            <\/div>\r\n\t\t\t\t<\/div>\n\t\t\t\t<\/div>\n\t\t\t\t<div class=\"elementor-element elementor-element-27d7419 elementor-widget elementor-widget-text-editor\" data-id=\"27d7419\" data-element_type=\"widget\" data-e-type=\"widget\" data-widget_type=\"text-editor.default\">\n\t\t\t\t<div class=\"elementor-widget-container\">\n\t\t\t\t\t\t\t\t\t<h6>Montant du financement\u00a0<\/h6>\t\t\t\t\t\t\t\t<\/div>\n\t\t\t\t<\/div>\n\t\t\t\t<div class=\"elementor-element elementor-element-f49dc7d elementor-widget elementor-widget-ct_list\" data-id=\"f49dc7d\" data-element_type=\"widget\" data-e-type=\"widget\" data-widget_type=\"ct_list.default\">\n\t\t\t\t<div class=\"elementor-widget-container\">\n\t\t\t\t\t    <div class=\"ct-list style1 \">\r\n                    <div class=\"ct-list-item\">\r\n            \t<div class=\"ct-list-icon\"><i class=\"fac fac-check-circle\"><\/i><\/div>\r\n            \t<div class=\"ct-list-meta\">\r\n\t            \t\t            \t<div class=\"ct-list-desc\">\r\n\t            \t\tLe montant de Mourabaha Consommation ne saurait \u00eatre Sup\u00e9rieur \u00e0 un million dinars alg\u00e9riens (1 000 000DA);\t            \t<\/div>\r\n\t            <\/div>\r\n           <\/div>\r\n                    <div class=\"ct-list-item\">\r\n            \t<div class=\"ct-list-icon\"><i class=\"fac fac-check-circle\"><\/i><\/div>\r\n            \t<div class=\"ct-list-meta\">\r\n\t            \t\t            \t<div class=\"ct-list-desc\">\r\n\t            \t\tLe montant maximum du financement de Mourabaha Consommation peut atteindre les 100 % de la valeur du montant du bien \u00e0 financer en toutes taxes comprises (TTC).\t            \t<\/div>\r\n\t            <\/div>\r\n           <\/div>\r\n            <\/div>\r\n\t\t\t\t<\/div>\n\t\t\t\t<\/div>\n\t\t\t\t<\/div>\n\t\t\t\t\t<\/div>\n\t\t\t\t<\/div>\n\t\t<div class=\"elementor-element elementor-element-c0ad9ac e-flex e-con-boxed wpr-particle-no wpr-jarallax-no wpr-parallax-no wpr-sticky-section-no wpr-equal-height-no e-con e-parent\" data-id=\"c0ad9ac\" data-element_type=\"container\" data-e-type=\"container\">\n\t\t\t\t\t<div class=\"e-con-inner\">\n\t\t<div class=\"elementor-element elementor-element-d3e9745 e-con-full e-flex wpr-particle-no wpr-jarallax-no wpr-parallax-no wpr-sticky-section-no wpr-equal-height-no e-con e-child\" data-id=\"d3e9745\" data-element_type=\"container\" data-e-type=\"container\">\n\t\t\t\t<div class=\"elementor-element elementor-element-e9d86ed elementor-align-center elementor-widget__width-initial elementor-widget elementor-widget-ct_button\" data-id=\"e9d86ed\" data-element_type=\"widget\" data-e-type=\"widget\" data-widget_type=\"ct_button.default\">\n\t\t\t\t<div class=\"elementor-widget-container\">\n\t\t\t\t\t<div class=\"ct-button-wrapper ct-button-layout1\">\r\n    <a href=\"https:\/\/www.bdl.dz\/finance-islamique\/?page_id=4430\" class=\"btn btn-preset4  \">\r\n                            <span class=\"ct-button-icon ct-align-icon-\">\r\n                            <\/span>\r\n                <span class=\"ct-button-text\">Simulatez votre financement<\/span>\r\n    <\/a>\r\n<\/div>\t\t\t\t<\/div>\n\t\t\t\t<\/div>\n\t\t\t\t<\/div>\n\t\t<div class=\"elementor-element elementor-element-d418918 e-con-full e-flex wpr-particle-no wpr-jarallax-no wpr-parallax-no wpr-sticky-section-no wpr-equal-height-no e-con e-child\" data-id=\"d418918\" data-element_type=\"container\" data-e-type=\"container\">\n\t\t<div class=\"elementor-element elementor-element-60936ad e-flex e-con-boxed wpr-particle-no wpr-jarallax-no wpr-parallax-no wpr-sticky-section-no wpr-equal-height-no e-con e-child\" data-id=\"60936ad\" data-element_type=\"container\" data-e-type=\"container\">\n\t\t\t\t\t<div class=\"e-con-inner\">\n\t\t\t\t<div class=\"elementor-element elementor-element-aca7862 elementor-align-center elementor-widget elementor-widget-ct_button\" data-id=\"aca7862\" data-element_type=\"widget\" data-e-type=\"widget\" data-widget_type=\"ct_button.default\">\n\t\t\t\t<div class=\"elementor-widget-container\">\n\t\t\t\t\t<div class=\"ct-button-wrapper ct-button-layout1\">\r\n    <a href=\"https:\/\/banqueenligne.bdl.dz\/\" class=\"btn btn-preset4  \" target=\"_blank\" rel=\"noopener\">\r\n                            <span class=\"ct-button-icon ct-align-icon-\">\r\n                            <\/span>\r\n                <span class=\"ct-button-text\">Demandez votre financement en ligne<\/span>\r\n    <\/a>\r\n<\/div>\t\t\t\t<\/div>\n\t\t\t\t<\/div>\n\t\t\t\t\t<\/div>\n\t\t\t\t<\/div>\n\t\t\t\t<\/div>\n\t\t\t\t\t<\/div>\n\t\t\t\t<\/div>\n\t\t<div class=\"elementor-element elementor-element-cfd1de9 e-flex e-con-boxed wpr-particle-no wpr-jarallax-no wpr-parallax-no wpr-sticky-section-no wpr-equal-height-no e-con e-parent\" data-id=\"cfd1de9\" data-element_type=\"container\" data-e-type=\"container\">\n\t\t\t\t\t<div class=\"e-con-inner\">\n\t\t\t\t<div class=\"elementor-element elementor-element-6f7afeb elementor-widget elementor-widget-ct_title\" data-id=\"6f7afeb\" data-element_type=\"widget\" data-e-type=\"widget\" data-widget_type=\"ct_title.default\">\n\t\t\t\t<div class=\"elementor-widget-container\">\n\t\t\t\t\t<div class=\"ct-title1 style2\">\r\n    <h3>\r\n        <span>FAQ<\/span>\r\n        <i><\/i>\r\n    <\/h3>\r\n<\/div>\t\t\t\t<\/div>\n\t\t\t\t<\/div>\n\t\t\t\t\t<\/div>\n\t\t\t\t<\/div>\n\t\t<div class=\"elementor-element elementor-element-b467d4d e-flex e-con-boxed wpr-particle-no wpr-jarallax-no wpr-parallax-no wpr-sticky-section-no wpr-equal-height-no e-con e-parent\" data-id=\"b467d4d\" data-element_type=\"container\" data-e-type=\"container\">\n\t\t\t\t\t<div class=\"e-con-inner\">\n\t\t<div class=\"elementor-element elementor-element-cb64fe2 e-con-full e-flex wpr-particle-no wpr-jarallax-no wpr-parallax-no wpr-sticky-section-no wpr-equal-height-no e-con e-child\" data-id=\"cb64fe2\" data-element_type=\"container\" data-e-type=\"container\">\n\t\t\t\t<div class=\"elementor-element elementor-element-0ee901a elementor-widget__width-initial elementor-widget elementor-widget-ct_accordion\" data-id=\"0ee901a\" data-element_type=\"widget\" data-e-type=\"widget\" data-widget_type=\"ct_accordion.default\">\n\t\t\t\t<div class=\"elementor-widget-container\">\n\t\t\t\t\t    <div id=\"ct_accordion-0ee901a\" class=\"ct-accordion layout1 \">\r\n                    <div class=\"ct-accordion-item \">\r\n                <div class=\"ct-ac-title \" data-target=\"#5ba9ac6ct_accordion-0ee901a\">\r\n                    <a class=\"ct-ac-title-text\">Qu&#039;est ce que Mourabaha Consommation BDL?<\/a>\r\n                <\/div>\r\n                <div id=\"5ba9ac6ct_accordion-0ee901a\" class=\"ct-ac-content\">Mourabaha Consommation dans une Banque consiste en une vente dans laquelle la Banque (vendeur) divulgue au client (acheteur) le prix de revient d\u2019acquisition major\u00e9 par une marge b\u00e9n\u00e9ficiaire connue et convenue.<br \/>\n<br \/>\nLe guichet islamique EL BADIL BDL intervient en qualit\u00e9 de premier acheteur vis-\u00e0-vis du fournisseur et de revendeur \u00e0 l\u2019\u00e9gard de l\u2019acheteur(le client de la banque).<br \/>\n<br \/>\n<\/div>\r\n            <\/div>\r\n                    <div class=\"ct-accordion-item \">\r\n                <div class=\"ct-ac-title \" data-target=\"#dc47a19ct_accordion-0ee901a\">\r\n                    <a class=\"ct-ac-title-text\">Quels sont les produits pris en charge par Mourabaha Consommation BDL?<\/a>\r\n                <\/div>\r\n                <div id=\"dc47a19ct_accordion-0ee901a\" class=\"ct-ac-content\">La mourabaha consommation BDL est destin\u00e9e pour l\u2019acquisition de :<br \/>\n<br \/>\nbiens neufs fabriqu\u00e9s ou assembl\u00e9s en Alg\u00e9rie<br \/>\n<br \/>\n<\/div>\r\n            <\/div>\r\n                    <div class=\"ct-accordion-item \">\r\n                <div class=\"ct-ac-title \" data-target=\"#f2e7928ct_accordion-0ee901a\">\r\n                    <a class=\"ct-ac-title-text\">Quelles sont les conditions d\u2019\u00e9ligibilit\u00e9 \u00e0 la mourabaha consommation BDL ?<\/a>\r\n                <\/div>\r\n                <div id=\"f2e7928ct_accordion-0ee901a\" class=\"ct-ac-content\">Le client Mourabaha Consommation doit satisfaire les conditions d\u2019\u00e9ligibilit\u00e9 ci-apr\u00e8s :<br \/>\n<br \/>\nEtre de nationalit\u00e9 alg\u00e9rienne ;<br \/>\nAvoir une r\u00e9sidence fixe en Alg\u00e9rie ;<br \/>\nAvoir l\u2019\u00e2ge limite de 65 ans \u00e0 la date de la demande du financement ;<br \/>\nAvoir la majorit\u00e9 l\u00e9gale et jouir de la capacit\u00e9 juridique \u00e0 la date de la demande du financement ;<br \/>\nJustifier d\u2019un revenu r\u00e9gulier, sup\u00e9rieur ou \u00e9gal \u00e0 une fois et demie (1,5) le SNMG.<br \/>\n<\/div>\r\n            <\/div>\r\n                    <div class=\"ct-accordion-item \">\r\n                <div class=\"ct-ac-title \" data-target=\"#19bb2bbct_accordion-0ee901a\">\r\n                    <a class=\"ct-ac-title-text\">Quel est le Montant de financement  Mourabaha Consommation BDL ?<\/a>\r\n                <\/div>\r\n                <div id=\"19bb2bbct_accordion-0ee901a\" class=\"ct-ac-content\">Le montant de Mourabaha Consommation ne saurait \u00eatre sup\u00e9rieur \u00e0 un million dinars (1000 000DA) , tenant compte de la nature du (ou des) bien (s) \u00e0 acqu\u00e9rir.<\/div>\r\n            <\/div>\r\n            <\/div>\r\n\t\t\t\t<\/div>\n\t\t\t\t<\/div>\n\t\t\t\t<\/div>\n\t\t<div class=\"elementor-element elementor-element-617ffe3 e-con-full e-flex wpr-particle-no wpr-jarallax-no wpr-parallax-no wpr-sticky-section-no wpr-equal-height-no e-con e-child\" data-id=\"617ffe3\" data-element_type=\"container\" data-e-type=\"container\">\n\t\t\t\t<div class=\"elementor-element elementor-element-a32a17e elementor-widget__width-initial elementor-widget elementor-widget-ct_accordion\" data-id=\"a32a17e\" data-element_type=\"widget\" data-e-type=\"widget\" data-widget_type=\"ct_accordion.default\">\n\t\t\t\t<div class=\"elementor-widget-container\">\n\t\t\t\t\t    <div id=\"ct_accordion-a32a17e\" class=\"ct-accordion layout1 \">\r\n                    <div class=\"ct-accordion-item \">\r\n                <div class=\"ct-ac-title \" data-target=\"#6d4372cct_accordion-a32a17e\">\r\n                    <a class=\"ct-ac-title-text\">Quelle-est la capacit\u00e9 d\u2019endettement dans Mourabaha Consommation BDL ?<\/a>\r\n                <\/div>\r\n                <div id=\"6d4372cct_accordion-a32a17e\" class=\"ct-ac-content\">Le taux d'endettement est fix\u00e9 \u00e0 30 % du revenu mensuel net r\u00e9guli\u00e8rement per\u00e7u par le demandeur de financement.<\/div>\r\n            <\/div>\r\n                    <div class=\"ct-accordion-item \">\r\n                <div class=\"ct-ac-title \" data-target=\"#3bd6c6bct_accordion-a32a17e\">\r\n                    <a class=\"ct-ac-title-text\">Quelles sont les conditions tarifaires appliqu\u00e9es \u00e0 la mourabaha Consommation BDL ?<\/a>\r\n                <\/div>\r\n                <div id=\"3bd6c6bct_accordion-a32a17e\" class=\"ct-ac-content\">Taux de profit: 8.50%<br \/>\nFrais de gestion du dossier: 0.00 DA<br \/>\nFrais de notification: 0.00 DA<br \/>\nP\u00e9nalit\u00e9 sur paiement par anticipation: 0.00 DA<br \/>\n<\/div>\r\n            <\/div>\r\n                    <div class=\"ct-accordion-item \">\r\n                <div class=\"ct-ac-title \" data-target=\"#22cf47bct_accordion-a32a17e\">\r\n                    <a class=\"ct-ac-title-text\">Quelle est la dur\u00e9e de paiement dans la mourabaha consommation BDL?<\/a>\r\n                <\/div>\r\n                <div id=\"22cf47bct_accordion-a32a17e\" class=\"ct-ac-content\">La dur\u00e9e de paiement Mourabaha consommation ne peut \u00eatre inf\u00e9rieure \u00e0 trois (03) mois sans exc\u00e9der trente six (36) mois.<br \/>\n<br \/>\nUn diff\u00e9r\u00e9 de paiement peut \u00eatre accord\u00e9 pour une dur\u00e9e d\u2019un (01) mois.<br \/>\n<br \/>\n<br \/>\n<\/div>\r\n            <\/div>\r\n            <\/div>\r\n\t\t\t\t<\/div>\n\t\t\t\t<\/div>\n\t\t\t\t<\/div>\n\t\t\t\t\t<\/div>\n\t\t\t\t<\/div>\n\t\t\t\t<\/div>\n\t\t","protected":false},"excerpt":{"rendered":"<p>Mourabaha consommation Qu&#8217;est-ce que c&#8217;est ? Mourabaha Consommation consiste en l\u2019achat de biens et \u00e9quipements neufs par la Banque et les revendre \u00e0 un prix de revient augment\u00e9 d\u2019une marge b\u00e9n\u00e9ficiaire connue et convenue d\u2019avance Population concern\u00e9e Toute personne physique de nationalit\u00e9 alg\u00e9rienne ; Avoir une r\u00e9sidence fixe en Alg\u00e9rie ; Avoir l\u2019\u00e2ge limite de 65 ans \u00e0 la date de la demande du financement. Projets financ\u00e9s Equipements neufs produits ou assembl\u00e9s en alg\u00e9rie . Marge de profit La marge de profit \u00e0 appliquer est de 8.50%. Dur\u00e9e du financement Est entre trois (03) mois et trente six (36) mois. Montant du financement\u00a0 Le montant de Mourabaha Consommation ne saurait \u00eatre Sup\u00e9rieur \u00e0 un million dinars alg\u00e9riens (1 000 000DA); Le montant maximum du financement de Mourabaha Consommation peut atteindre les 100 % de la valeur du montant du bien \u00e0 financer en toutes taxes comprises (TTC). Simulatez votre financement Demandez votre financement en ligne FAQ Qu&#039;est ce que Mourabaha Consommation BDL? Mourabaha Consommation dans une Banque consiste en une vente dans laquelle la Banque (vendeur) divulgue au client (acheteur) le prix de revient d\u2019acquisition major\u00e9 par une marge b\u00e9n\u00e9ficiaire connue et convenue. Le guichet islamique EL BADIL BDL intervient en qualit\u00e9 de premier acheteur vis-\u00e0-vis du fournisseur et de revendeur \u00e0 l\u2019\u00e9gard de l\u2019acheteur(le client de la banque). Quels sont les produits pris en charge par Mourabaha Consommation BDL? La mourabaha consommation BDL est destin\u00e9e pour l\u2019acquisition de : biens neufs fabriqu\u00e9s ou assembl\u00e9s en Alg\u00e9rie Quelles sont les conditions d\u2019\u00e9ligibilit\u00e9 \u00e0 la mourabaha consommation BDL ? Le client Mourabaha Consommation doit satisfaire les conditions d\u2019\u00e9ligibilit\u00e9 ci-apr\u00e8s : Etre de nationalit\u00e9 alg\u00e9rienne ; Avoir une r\u00e9sidence fixe en Alg\u00e9rie ; Avoir l\u2019\u00e2ge limite de 65 ans \u00e0 la date de la demande du financement ; Avoir la majorit\u00e9 l\u00e9gale et jouir de la capacit\u00e9 juridique \u00e0 la date de la demande du financement ; Justifier d\u2019un revenu r\u00e9gulier, sup\u00e9rieur ou \u00e9gal \u00e0 une fois et demie (1,5) le SNMG. Quel est le Montant de financement Mourabaha Consommation BDL ? Le montant de Mourabaha Consommation ne saurait \u00eatre sup\u00e9rieur \u00e0 un million dinars (1000 000DA) , tenant compte de la nature du (ou des) bien (s) \u00e0 acqu\u00e9rir. Quelle-est la capacit\u00e9 d\u2019endettement dans Mourabaha Consommation BDL ? Le taux d&#8217;endettement est fix\u00e9 \u00e0 30 % du revenu mensuel net r\u00e9guli\u00e8rement per\u00e7u par le demandeur de financement. Quelles sont les conditions tarifaires appliqu\u00e9es \u00e0 la mourabaha Consommation BDL ? Taux de profit: 8.50% Frais de gestion du dossier: 0.00 DA Frais de notification: 0.00 DA P\u00e9nalit\u00e9 sur paiement par anticipation: 0.00 DA Quelle est la dur\u00e9e de paiement dans la mourabaha consommation BDL? La dur\u00e9e de paiement Mourabaha consommation ne peut \u00eatre inf\u00e9rieure \u00e0 trois (03) mois sans exc\u00e9der trente six (36) mois. Un diff\u00e9r\u00e9 de paiement peut \u00eatre accord\u00e9 pour une dur\u00e9e d\u2019un (01) mois.<\/p>\n","protected":false},"author":1,"featured_media":0,"parent":0,"menu_order":0,"comment_status":"closed","ping_status":"closed","template":"","meta":{"footnotes":""},"class_list":["post-7550","page","type-page","status-publish","hentry"],"_links":{"self":[{"href":"https:\/\/www.bdl.dz\/finance-islamique\/index.php?rest_route=\/wp\/v2\/pages\/7550","targetHints":{"allow":["GET"]}}],"collection":[{"href":"https:\/\/www.bdl.dz\/finance-islamique\/index.php?rest_route=\/wp\/v2\/pages"}],"about":[{"href":"https:\/\/www.bdl.dz\/finance-islamique\/index.php?rest_route=\/wp\/v2\/types\/page"}],"author":[{"embeddable":true,"href":"https:\/\/www.bdl.dz\/finance-islamique\/index.php?rest_route=\/wp\/v2\/users\/1"}],"replies":[{"embeddable":true,"href":"https:\/\/www.bdl.dz\/finance-islamique\/index.php?rest_route=%2Fwp%2Fv2%2Fcomments&post=7550"}],"version-history":[{"count":3,"href":"https:\/\/www.bdl.dz\/finance-islamique\/index.php?rest_route=\/wp\/v2\/pages\/7550\/revisions"}],"predecessor-version":[{"id":8267,"href":"https:\/\/www.bdl.dz\/finance-islamique\/index.php?rest_route=\/wp\/v2\/pages\/7550\/revisions\/8267"}],"wp:attachment":[{"href":"https:\/\/www.bdl.dz\/finance-islamique\/index.php?rest_route=%2Fwp%2Fv2%2Fmedia&parent=7550"}],"curies":[{"name":"wp","href":"https:\/\/api.w.org\/{rel}","templated":true}]}}