{"id":7389,"date":"2023-05-18T10:08:29","date_gmt":"2023-05-18T10:08:29","guid":{"rendered":"https:\/\/hafidoune-academy.com\/finance-islamique\/?page_id=7389"},"modified":"2023-05-18T10:08:29","modified_gmt":"2023-05-18T10:08:29","slug":"appel-offre","status":"publish","type":"page","link":"https:\/\/www.bdl.dz\/finance-islamique\/?page_id=7389","title":{"rendered":"Appel d&#8217;offre"},"content":{"rendered":"\t\t<div data-elementor-type=\"wp-page\" data-elementor-id=\"7389\" class=\"elementor elementor-7389\">\n\t\t\t\t        <section class=\"elementor-section elementor-top-section elementor-element elementor-element-fad9f3d elementor-section-boxed elementor-section-height-default elementor-section-height-default wpr-particle-no wpr-jarallax-no wpr-parallax-no wpr-sticky-section-no wpr-equal-height-no\" data-id=\"fad9f3d\" data-element_type=\"section\" data-e-type=\"section\">\n            \n                        <div class=\"elementor-container elementor-column-gap-wider \">\n                    <div class=\"elementor-column elementor-col-100 elementor-top-column elementor-element elementor-element-22a6773\" data-id=\"22a6773\" data-element_type=\"column\" data-e-type=\"column\">\n        <div class=\"elementor-widget-wrap elementor-element-populated\">\n                    \n        \t\t<div class=\"elementor-element elementor-element-71b8235 elementor-widget elementor-widget-ct_title\" data-id=\"71b8235\" data-element_type=\"widget\" data-e-type=\"widget\" data-widget_type=\"ct_title.default\">\n\t\t\t\t<div class=\"elementor-widget-container\">\n\t\t\t\t\t<div class=\"ct-title1 style2\">\r\n    <h3>\r\n        <span>Appels d&#039;offres<\/span>\r\n        <i><\/i>\r\n    <\/h3>\r\n<\/div>\t\t\t\t<\/div>\n\t\t\t\t<\/div>\n\t\t\t\t<div class=\"elementor-element elementor-element-8d51150 elementor-widget elementor-widget-ct_list\" data-id=\"8d51150\" data-element_type=\"widget\" data-e-type=\"widget\" data-widget_type=\"ct_list.default\">\n\t\t\t\t<div class=\"elementor-widget-container\">\n\t\t\t\t\t    <div class=\"ct-list style1 \">\r\n                    <div class=\"ct-list-item\">\r\n            \t<div class=\"ct-list-icon\"><i class=\"fac fac-check-circle\"><\/i><\/div>\r\n            \t<div class=\"ct-list-meta\">\r\n\t            \t\t            \t<div class=\"ct-list-desc\">\r\n\t            \t\tAvis de prorogation de l&#039;appel d\u2019offres national\t            \t<\/div>\r\n\t            <\/div>\r\n           <\/div>\r\n            <\/div>\r\n\t\t\t\t<\/div>\n\t\t\t\t<\/div>\n\t\t\t\t<div class=\"elementor-element elementor-element-a2296dc elementor-align-left elementor-widget elementor-widget-ct_button\" data-id=\"a2296dc\" data-element_type=\"widget\" data-e-type=\"widget\" data-widget_type=\"ct_button.default\">\n\t\t\t\t<div class=\"elementor-widget-container\">\n\t\t\t\t\t<div class=\"ct-button-wrapper ct-button-layout1\">\r\n    <a href=\"#\" class=\"btn text-underline  \">\r\n                            <span class=\"ct-button-icon ct-align-icon-left\">\r\n                <i aria-hidden=\"true\" class=\"material zmdi zmdi-assignment-check\"><\/i>            <\/span>\r\n                <span class=\"ct-button-text\"> N\u00b0 118\/2019 &quot;La r\u00e9alisation d&#039;une agence bancaire BDL et logements de fonctions \u00e0 El Achour&quot;<\/span>\r\n    <\/a>\r\n<\/div>\t\t\t\t<\/div>\n\t\t\t\t<\/div>\n\t\t\t\t<div class=\"elementor-element elementor-element-5aadbf1 elementor-align-left elementor-widget elementor-widget-ct_button\" data-id=\"5aadbf1\" data-element_type=\"widget\" data-e-type=\"widget\" data-widget_type=\"ct_button.default\">\n\t\t\t\t<div class=\"elementor-widget-container\">\n\t\t\t\t\t<div class=\"ct-button-wrapper ct-button-layout1\">\r\n    <a href=\"#\" class=\"btn text-underline  \">\r\n                            <span class=\"ct-button-icon ct-align-icon-left\">\r\n                <i aria-hidden=\"true\" class=\"material zmdi zmdi-assignment-check\"><\/i>            <\/span>\r\n                <span class=\"ct-button-text\"> N\u00b0 118\/2019 &quot;La r\u00e9alisation d&#039;une agence bancaire BDL et logements de fonctions \u00e0 El Achour&quot;<\/span>\r\n    <\/a>\r\n<\/div>\t\t\t\t<\/div>\n\t\t\t\t<\/div>\n\t\t\t\t<div class=\"elementor-element elementor-element-bc91a0a elementor-widget elementor-widget-ct_list\" data-id=\"bc91a0a\" data-element_type=\"widget\" data-e-type=\"widget\" data-widget_type=\"ct_list.default\">\n\t\t\t\t<div class=\"elementor-widget-container\">\n\t\t\t\t\t    <div class=\"ct-list style1 \">\r\n                    <div class=\"ct-list-item\">\r\n            \t<div class=\"ct-list-icon\"><i class=\"fac fac-check-circle\"><\/i><\/div>\r\n            \t<div class=\"ct-list-meta\">\r\n\t            \t\t            \t<div class=\"ct-list-desc\">\r\n\t            \t\tAvis d\u2019appel d\u2019offres national\t            \t<\/div>\r\n\t            <\/div>\r\n           <\/div>\r\n            <\/div>\r\n\t\t\t\t<\/div>\n\t\t\t\t<\/div>\n\t\t\t\t<div class=\"elementor-element elementor-element-6a0040b elementor-align-left elementor-widget elementor-widget-ct_button\" data-id=\"6a0040b\" data-element_type=\"widget\" data-e-type=\"widget\" data-widget_type=\"ct_button.default\">\n\t\t\t\t<div class=\"elementor-widget-container\">\n\t\t\t\t\t<div class=\"ct-button-wrapper ct-button-layout1\">\r\n    <a href=\"#\" class=\"btn text-underline  \">\r\n                            <span class=\"ct-button-icon ct-align-icon-left\">\r\n                <i aria-hidden=\"true\" class=\"material zmdi zmdi-assignment-check\"><\/i>            <\/span>\r\n                <span class=\"ct-button-text\">L\u2019acquisition de deux cent (200) compteuses de billets<\/span>\r\n    <\/a>\r\n<\/div>\t\t\t\t<\/div>\n\t\t\t\t<\/div>\n\t\t\t\t<div class=\"elementor-element elementor-element-e4f3acd elementor-widget elementor-widget-ct_list\" data-id=\"e4f3acd\" data-element_type=\"widget\" data-e-type=\"widget\" data-widget_type=\"ct_list.default\">\n\t\t\t\t<div class=\"elementor-widget-container\">\n\t\t\t\t\t    <div class=\"ct-list style1 \">\r\n                    <div class=\"ct-list-item\">\r\n            \t<div class=\"ct-list-icon\"><i class=\"fac fac-check-circle\"><\/i><\/div>\r\n            \t<div class=\"ct-list-meta\">\r\n\t            \t\t            \t<div class=\"ct-list-desc\">\r\n\t            \t\tAvis d&#039;attribution\t            \t<\/div>\r\n\t            <\/div>\r\n           <\/div>\r\n            <\/div>\r\n\t\t\t\t<\/div>\n\t\t\t\t<\/div>\n\t\t\t\t<div class=\"elementor-element elementor-element-b307840 elementor-align-left elementor-widget elementor-widget-ct_button\" data-id=\"b307840\" data-element_type=\"widget\" data-e-type=\"widget\" data-widget_type=\"ct_button.default\">\n\t\t\t\t<div class=\"elementor-widget-container\">\n\t\t\t\t\t<div class=\"ct-button-wrapper ct-button-layout1\">\r\n    <a href=\"#\" class=\"btn text-underline  \">\r\n                            <span class=\"ct-button-icon ct-align-icon-left\">\r\n                <i aria-hidden=\"true\" class=\"material zmdi zmdi-assignment-check\"><\/i>            <\/span>\r\n                <span class=\"ct-button-text\"> L\u2019am\u00e9nagement et la mise en conformit\u00e9 du Data Center Backup \u00e0 froid de la Banque \u00e0 Remchi - Tlemcen<\/span>\r\n    <\/a>\r\n<\/div>\t\t\t\t<\/div>\n\t\t\t\t<\/div>\n\t\t            <\/div>\n        <\/div>\n                    <\/div>\n        <\/section>\n        \t\t<\/div>\n\t\t","protected":false},"excerpt":{"rendered":"<p>Appels d&#039;offres Avis de prorogation de l&#039;appel d\u2019offres national N\u00b0 118\/2019 &quot;La r\u00e9alisation d&#039;une agence bancaire BDL et logements de fonctions \u00e0 El Achour&quot; N\u00b0 118\/2019 &quot;La r\u00e9alisation d&#039;une agence bancaire BDL et logements de fonctions \u00e0 El Achour&quot; Avis d\u2019appel d\u2019offres national L\u2019acquisition de deux cent (200) compteuses de billets Avis d&#039;attribution L\u2019am\u00e9nagement et la mise en conformit\u00e9 du Data Center Backup \u00e0 froid de la Banque \u00e0 Remchi &#8211; Tlemcen<\/p>\n","protected":false},"author":1,"featured_media":0,"parent":0,"menu_order":0,"comment_status":"closed","ping_status":"closed","template":"","meta":{"footnotes":""},"class_list":["post-7389","page","type-page","status-publish","hentry"],"_links":{"self":[{"href":"https:\/\/www.bdl.dz\/finance-islamique\/index.php?rest_route=\/wp\/v2\/pages\/7389","targetHints":{"allow":["GET"]}}],"collection":[{"href":"https:\/\/www.bdl.dz\/finance-islamique\/index.php?rest_route=\/wp\/v2\/pages"}],"about":[{"href":"https:\/\/www.bdl.dz\/finance-islamique\/index.php?rest_route=\/wp\/v2\/types\/page"}],"author":[{"embeddable":true,"href":"https:\/\/www.bdl.dz\/finance-islamique\/index.php?rest_route=\/wp\/v2\/users\/1"}],"replies":[{"embeddable":true,"href":"https:\/\/www.bdl.dz\/finance-islamique\/index.php?rest_route=%2Fwp%2Fv2%2Fcomments&post=7389"}],"version-history":[{"count":0,"href":"https:\/\/www.bdl.dz\/finance-islamique\/index.php?rest_route=\/wp\/v2\/pages\/7389\/revisions"}],"wp:attachment":[{"href":"https:\/\/www.bdl.dz\/finance-islamique\/index.php?rest_route=%2Fwp%2Fv2%2Fmedia&parent=7389"}],"curies":[{"name":"wp","href":"https:\/\/api.w.org\/{rel}","templated":true}]}}