{"id":7748,"date":"2023-05-22T00:33:35","date_gmt":"2023-05-22T00:33:35","guid":{"rendered":"https:\/\/hafidoune-academy.com\/fi-en\/?page_id=7748"},"modified":"2023-05-22T00:38:42","modified_gmt":"2023-05-22T00:38:42","slug":"moudaraba-2","status":"publish","type":"page","link":"https:\/\/www.bdl.dz\/finance-islamique\/en\/moudaraba-2\/","title":{"rendered":"moudaraba"},"content":{"rendered":"\t\t<div data-elementor-type=\"wp-page\" data-elementor-id=\"7748\" class=\"elementor elementor-7748\">\n\t\t\t\t        <section class=\"elementor-section elementor-top-section elementor-element elementor-element-021c588 elementor-section-boxed elementor-section-height-default elementor-section-height-default wpr-particle-no wpr-jarallax-no wpr-parallax-no wpr-sticky-section-no wpr-equal-height-no\" data-id=\"021c588\" data-element_type=\"section\" data-e-type=\"section\">\n            \n                        <div class=\"elementor-container elementor-column-gap-wider \">\n                    <div class=\"elementor-column elementor-col-100 elementor-top-column elementor-element elementor-element-4d72571\" data-id=\"4d72571\" data-element_type=\"column\" data-e-type=\"column\">\n                    <div class=\"elementor-widget-wrap elementor-element-populated\">\n        \t\t<div class=\"elementor-element elementor-element-d1fc273 elementor-widget elementor-widget-ct_title\" data-id=\"d1fc273\" data-element_type=\"widget\" data-e-type=\"widget\" data-widget_type=\"ct_title.default\">\n\t\t\t\t<div class=\"elementor-widget-container\">\n\t\t\t\t\t<div class=\"ct-title1 style2\">\r\n    <h3>\r\n        <span>Investment account deposits -MOUDARABA<\/span>\r\n        <i><\/i>\r\n    <\/h3>\r\n<\/div>\t\t\t\t<\/div>\n\t\t\t\t<\/div>\n\t\t        <section class=\"elementor-section elementor-inner-section elementor-element elementor-element-8e7d622 elementor-section-boxed elementor-section-height-default elementor-section-height-default wpr-particle-no wpr-jarallax-no wpr-parallax-no wpr-sticky-section-no wpr-equal-height-no\" data-id=\"8e7d622\" data-element_type=\"section\" data-e-type=\"section\">\n            \n                        <div class=\"elementor-container elementor-column-gap-default \">\n                    <div class=\"elementor-column elementor-col-50 elementor-inner-column elementor-element elementor-element-c6376b3\" data-id=\"c6376b3\" data-element_type=\"column\" data-e-type=\"column\">\n                    <div class=\"elementor-widget-wrap elementor-element-populated\">\n        \t\t<div class=\"elementor-element elementor-element-e7939d5 elementor-widget elementor-widget-text-editor\" data-id=\"e7939d5\" data-element_type=\"widget\" data-e-type=\"widget\" data-widget_type=\"text-editor.default\">\n\t\t\t\t<div class=\"elementor-widget-container\">\n\t\t\t\t\t\t\t\t\t<p><strong>What is it<\/strong><strong>\u00a0?<\/strong><\/p>\t\t\t\t\t\t\t\t<\/div>\n\t\t\t\t<\/div>\n\t\t\t\t<div class=\"elementor-element elementor-element-9470456 elementor-widget elementor-widget-text-editor\" data-id=\"9470456\" data-element_type=\"widget\" data-e-type=\"widget\" data-widget_type=\"text-editor.default\">\n\t\t\t\t<div class=\"elementor-widget-container\">\n\t\t\t\t\t\t\t\t\t<p>The investment account deposit -MOUDARABA is an investment product, it allows the customer to invest his funds in Islamic finance operations, in accordance with the Shariah precepts, including the principle of sharing profits and losses, and this according to the results achieved by the activity of the Islamic counters and the distribution key agreed in advance.<\/p>\t\t\t\t\t\t\t\t<\/div>\n\t\t\t\t<\/div>\n\t\t\t\t<div class=\"elementor-element elementor-element-135b42c elementor-widget elementor-widget-text-editor\" data-id=\"135b42c\" data-element_type=\"widget\" data-e-type=\"widget\" data-widget_type=\"text-editor.default\">\n\t\t\t\t<div class=\"elementor-widget-container\">\n\t\t\t\t\t\t\t\t\t<p><strong>Category concerned\u00a0:<\/strong><\/p>\t\t\t\t\t\t\t\t<\/div>\n\t\t\t\t<\/div>\n\t\t\t\t<div class=\"elementor-element elementor-element-a5c0a24 elementor-widget elementor-widget-ct_list\" data-id=\"a5c0a24\" data-element_type=\"widget\" data-e-type=\"widget\" data-widget_type=\"ct_list.default\">\n\t\t\t\t<div class=\"elementor-widget-container\">\n\t\t\t\t\t    <div class=\"ct-list style1 \">\r\n                    <div class=\"ct-list-item\">\r\n            \t<div class=\"ct-list-icon\"><i class=\"fac fac-check-circle\"><\/i><\/div>\r\n            \t<div class=\"ct-list-meta\">\r\n\t            \t\t            \t<div class=\"ct-list-desc\">\r\n\t            \t\tAny natural or legal person, whatever their nature.\t            \t<\/div>\r\n\t            <\/div>\r\n           <\/div>\r\n            <\/div>\r\n\t\t\t\t<\/div>\n\t\t\t\t<\/div>\n\t\t            <\/div>\n        <\/div>\n                <div class=\"elementor-column elementor-col-50 elementor-inner-column elementor-element elementor-element-ea807d6\" data-id=\"ea807d6\" data-element_type=\"column\" data-e-type=\"column\">\n                    <div class=\"elementor-widget-wrap elementor-element-populated\">\n        \t\t<div class=\"elementor-element elementor-element-93ca3bb elementor-widget elementor-widget-text-editor\" data-id=\"93ca3bb\" data-element_type=\"widget\" data-e-type=\"widget\" data-widget_type=\"text-editor.default\">\n\t\t\t\t<div class=\"elementor-widget-container\">\n\t\t\t\t\t\t\t\t\t<p><strong>Period:<\/strong><\/p>\t\t\t\t\t\t\t\t<\/div>\n\t\t\t\t<\/div>\n\t\t\t\t<div class=\"elementor-element elementor-element-a12ab1b elementor-widget elementor-widget-ct_list\" data-id=\"a12ab1b\" data-element_type=\"widget\" data-e-type=\"widget\" data-widget_type=\"ct_list.default\">\n\t\t\t\t<div class=\"elementor-widget-container\">\n\t\t\t\t\t    <div class=\"ct-list style1 \">\r\n                    <div class=\"ct-list-item\">\r\n            \t<div class=\"ct-list-icon\"><i class=\"fac fac-check-circle\"><\/i><\/div>\r\n            \t<div class=\"ct-list-meta\">\r\n\t            \t\t            \t<div class=\"ct-list-desc\">\r\n\t            \t\tThe duration of the placement ranges from 12 to 60 months renewable,\t            \t<\/div>\r\n\t            <\/div>\r\n           <\/div>\r\n            <\/div>\r\n\t\t\t\t<\/div>\n\t\t\t\t<\/div>\n\t\t\t\t<div class=\"elementor-element elementor-element-714a408 elementor-widget elementor-widget-text-editor\" data-id=\"714a408\" data-element_type=\"widget\" data-e-type=\"widget\" data-widget_type=\"text-editor.default\">\n\t\t\t\t<div class=\"elementor-widget-container\">\n\t\t\t\t\t\t\t\t\t<p><strong>Advantages:<\/strong><\/p>\t\t\t\t\t\t\t\t<\/div>\n\t\t\t\t<\/div>\n\t\t\t\t<div class=\"elementor-element elementor-element-4a20f20 elementor-widget elementor-widget-ct_list\" data-id=\"4a20f20\" data-element_type=\"widget\" data-e-type=\"widget\" data-widget_type=\"ct_list.default\">\n\t\t\t\t<div class=\"elementor-widget-container\">\n\t\t\t\t\t    <div class=\"ct-list style1 \">\r\n                    <div class=\"ct-list-item\">\r\n            \t<div class=\"ct-list-icon\"><i class=\"fac fac-check-circle\"><\/i><\/div>\r\n            \t<div class=\"ct-list-meta\">\r\n\t            \t\t            \t<div class=\"ct-list-desc\">\r\n\t            \t\tEarnings: Advantageous and competitive distribution;\t            \t<\/div>\r\n\t            <\/div>\r\n           <\/div>\r\n                    <div class=\"ct-list-item\">\r\n            \t<div class=\"ct-list-icon\"><i class=\"fac fac-check-circle\"><\/i><\/div>\r\n            \t<div class=\"ct-list-meta\">\r\n\t            \t\t            \t<div class=\"ct-list-desc\">\r\n\t            \t\tCompliance: The funds are invested according to the mechanisms of Islamic Finance and in projects compliant with the precepts of Shariah.\t            \t<\/div>\r\n\t            <\/div>\r\n           <\/div>\r\n            <\/div>\r\n\t\t\t\t<\/div>\n\t\t\t\t<\/div>\n\t\t            <\/div>\n        <\/div>\n                    <\/div>\n        <\/section>\n                    <\/div>\n        <\/div>\n                    <\/div>\n        <\/section>\n                <section class=\"elementor-section elementor-top-section elementor-element elementor-element-9d3c4d3 elementor-section-boxed elementor-section-height-default elementor-section-height-default wpr-particle-no wpr-jarallax-no wpr-parallax-no wpr-sticky-section-no wpr-equal-height-no\" data-id=\"9d3c4d3\" data-element_type=\"section\" data-e-type=\"section\">\n            \n                        <div class=\"elementor-container elementor-column-gap-default \">\n                    <div class=\"elementor-column elementor-col-100 elementor-top-column elementor-element elementor-element-427f61b\" data-id=\"427f61b\" data-element_type=\"column\" data-e-type=\"column\">\n                    <div class=\"elementor-widget-wrap elementor-element-populated\">\n        \t\t<div class=\"elementor-element elementor-element-7d75a94 elementor-widget elementor-widget-ct_title\" data-id=\"7d75a94\" data-element_type=\"widget\" data-e-type=\"widget\" data-widget_type=\"ct_title.default\">\n\t\t\t\t<div class=\"elementor-widget-container\">\n\t\t\t\t\t<div class=\"ct-title1 style2\">\r\n    <h3>\r\n        <span>FAQ<\/span>\r\n        <i><\/i>\r\n    <\/h3>\r\n<\/div>\t\t\t\t<\/div>\n\t\t\t\t<\/div>\n\t\t            <\/div>\n        <\/div>\n                    <\/div>\n        <\/section>\n                <section class=\"elementor-section elementor-top-section elementor-element elementor-element-e227454 elementor-section-boxed elementor-section-height-default elementor-section-height-default wpr-particle-no wpr-jarallax-no wpr-parallax-no wpr-sticky-section-no wpr-equal-height-no\" data-id=\"e227454\" data-element_type=\"section\" data-e-type=\"section\">\n            \n                        <div class=\"elementor-container elementor-column-gap-extended \">\n                    <div class=\"elementor-column elementor-col-50 elementor-top-column elementor-element elementor-element-604c7d7\" data-id=\"604c7d7\" data-element_type=\"column\" data-e-type=\"column\">\n                    <div class=\"elementor-widget-wrap elementor-element-populated\">\n        \t\t<div class=\"elementor-element elementor-element-f2b9a8e elementor-widget elementor-widget-ct_accordion\" data-id=\"f2b9a8e\" data-element_type=\"widget\" data-e-type=\"widget\" data-widget_type=\"ct_accordion.default\">\n\t\t\t\t<div class=\"elementor-widget-container\">\n\t\t\t\t\t    <div id=\"ct_accordion-f2b9a8e\" class=\"ct-accordion layout1 \">\r\n                    <div class=\"ct-accordion-item \">\r\n                <div class=\"ct-ac-title \" data-target=\"#5ba9ac6ct_accordion-f2b9a8e\">\r\n                    <a class=\"ct-ac-title-text\">What is a Mudaraba investment deposit?<\/a>\r\n                <\/div>\r\n                <div id=\"5ba9ac6ct_accordion-f2b9a8e\" class=\"ct-ac-content\">Mudaraba investment deposit is a service to invest your money in Islamic Banking operations office according to the Shariah rules of mudaraba including the principle of profit and loss sharing.<br \/>\nThe amount, the duration of the deposit and the share of each party (depositor-bank) are agreed in advance but the profits are distributed at the end of the financial year according to the results obtained.<br \/>\n<\/div>\r\n            <\/div>\r\n                    <div class=\"ct-accordion-item \">\r\n                <div class=\"ct-ac-title \" data-target=\"#dc47a19ct_accordion-f2b9a8e\">\r\n                    <a class=\"ct-ac-title-text\">Who can benefit?<\/a>\r\n                <\/div>\r\n                <div id=\"dc47a19ct_accordion-f2b9a8e\" class=\"ct-ac-content\">It can benefit from this product any natural or legal person whatever their nature<\/div>\r\n            <\/div>\r\n                    <div class=\"ct-accordion-item \">\r\n                <div class=\"ct-ac-title \" data-target=\"#f2e7928ct_accordion-f2b9a8e\">\r\n                    <a class=\"ct-ac-title-text\">How does the Moudaraba investment account deposit work? <\/a>\r\n                <\/div>\r\n                <div id=\"f2e7928ct_accordion-f2b9a8e\" class=\"ct-ac-content\">1.\tGo to the agency, with supporting documents, to open a deposit account, and deposit your money,<br \/>\n2.\tInformation and Signature of a Moudaraba subscription request, specifying the amount and duration of your investment (between 12 and 60 months),<br \/>\n3.\tThe BDL Islamic counter will invest your money only in Islamic finance transactions,<br \/>\n4.\tRemuneration is determined according to the results obtained,<br \/>\n5.\tAt the end of the subscription period, you recover your money and the earnings, and you renew your subscription if you wish.<br \/>\n<\/div>\r\n            <\/div>\r\n            <\/div>\r\n\t\t\t\t<\/div>\n\t\t\t\t<\/div>\n\t\t            <\/div>\n        <\/div>\n                <div class=\"elementor-column elementor-col-50 elementor-top-column elementor-element elementor-element-63862de\" data-id=\"63862de\" data-element_type=\"column\" data-e-type=\"column\">\n                    <div class=\"elementor-widget-wrap elementor-element-populated\">\n        \t\t<div class=\"elementor-element elementor-element-6610c9e elementor-widget elementor-widget-ct_accordion\" data-id=\"6610c9e\" data-element_type=\"widget\" data-e-type=\"widget\" data-widget_type=\"ct_accordion.default\">\n\t\t\t\t<div class=\"elementor-widget-container\">\n\t\t\t\t\t    <div id=\"ct_accordion-6610c9e\" class=\"ct-accordion layout1 \">\r\n                    <div class=\"ct-accordion-item \">\r\n                <div class=\"ct-ac-title \" data-target=\"#6d4372cct_accordion-6610c9e\">\r\n                    <a class=\"ct-ac-title-text\">What &quot;are the pricing conditions applied in the deposit in the Moudaraba investment account? <\/a>\r\n                <\/div>\r\n                <div id=\"6d4372cct_accordion-6610c9e\" class=\"ct-ac-content\">Period of the deposit\tTarget profit rate<br \/>\n12 months\t1.75%<br \/>\n24 months\t2.25%<br \/>\n24 \u00e0 36 months\t2.5%<br \/>\n36 \u00e0 42 months\t2.75%<br \/>\n42 \u00e0 48 months\t3.00%<br \/>\n48 \u00e0 54 months\t3.25%<br \/>\n54 \u00e0 60 months\t3.50%<br \/>\nInvestment account deposit management fees\t0.00 DZD<br \/>\n1.\t The target rate cannot be guaranteed under any circumstances and this is only indicative.<br \/>\n<\/div>\r\n            <\/div>\r\n                    <div class=\"ct-accordion-item \">\r\n                <div class=\"ct-ac-title \" data-target=\"#3bd6c6bct_accordion-6610c9e\">\r\n                    <a class=\"ct-ac-title-text\">What are the advantages of Investment account deposits -MOUDARABA? <\/a>\r\n                <\/div>\r\n                <div id=\"3bd6c6bct_accordion-6610c9e\" class=\"ct-ac-content\">1.\tEarnings: Advantageous and competitive distribution;<br \/>\n2.\tCompliance: Your funds are invested according to the mechanisms of Islamic Finance and in projects compliant with the precepts of Shariah.<br \/>\n<\/div>\r\n            <\/div>\r\n            <\/div>\r\n\t\t\t\t<\/div>\n\t\t\t\t<\/div>\n\t\t            <\/div>\n        <\/div>\n                    <\/div>\n        <\/section>\n        \t\t<\/div>\n\t\t","protected":false},"excerpt":{"rendered":"<p>Investment account deposits -MOUDARABA What is it ? The investment account deposit -MOUDARABA is an investment product, it allows the customer to invest his funds in Islamic finance operations, in accordance with the Shariah precepts, including the principle of sharing profits and losses, and this according to the results achieved by the activity of the Islamic counters and the distribution key agreed in advance. Category concerned : Any natural or legal person, whatever their nature. Period: The duration of the placement ranges from 12 to 60 months renewable, Advantages: Earnings: Advantageous and competitive distribution; Compliance: The funds are invested according to the mechanisms of Islamic Finance and in projects compliant with the precepts of Shariah. FAQ What is a Mudaraba investment deposit? Mudaraba investment deposit is a service to invest your money in Islamic Banking operations office according to the Shariah rules of mudaraba including the principle of profit and loss sharing. The amount, the duration of the deposit and the share of each party (depositor-bank) are agreed in advance but the profits are distributed at the end of the financial year according to the results obtained. Who can benefit? It can benefit from this product any natural or legal person whatever their nature How does the Moudaraba investment account deposit work? 1. Go to the agency, with supporting documents, to open a deposit account, and deposit your money, 2. Information and Signature of a Moudaraba subscription request, specifying the amount and duration of your investment (between 12 and 60 months), 3. The BDL Islamic counter will invest your money only in Islamic finance transactions, 4. Remuneration is determined according to the results obtained, 5. At the end of the subscription period, you recover your money and the earnings, and you renew your subscription if you wish. What &quot;are the pricing conditions applied in the deposit in the Moudaraba investment account? Period of the deposit Target profit rate 12 months 1.75% 24 months 2.25% 24 \u00e0 36 months 2.5% 36 \u00e0 42 months 2.75% 42 \u00e0 48 months 3.00% 48 \u00e0 54 months 3.25% 54 \u00e0 60 months 3.50% Investment account deposit management fees 0.00 DZD 1. The target rate cannot be guaranteed under any circumstances and this is only indicative. What are the advantages of Investment account deposits -MOUDARABA? 1. Earnings: Advantageous and competitive distribution; 2. Compliance: Your funds are invested according to the mechanisms of Islamic Finance and in projects compliant with the precepts of Shariah.<\/p>\n","protected":false},"author":1,"featured_media":0,"parent":0,"menu_order":0,"comment_status":"closed","ping_status":"closed","template":"","meta":{"footnotes":""},"class_list":["post-7748","page","type-page","status-publish","hentry"],"_links":{"self":[{"href":"https:\/\/www.bdl.dz\/finance-islamique\/en\/wp-json\/wp\/v2\/pages\/7748","targetHints":{"allow":["GET"]}}],"collection":[{"href":"https:\/\/www.bdl.dz\/finance-islamique\/en\/wp-json\/wp\/v2\/pages"}],"about":[{"href":"https:\/\/www.bdl.dz\/finance-islamique\/en\/wp-json\/wp\/v2\/types\/page"}],"author":[{"embeddable":true,"href":"https:\/\/www.bdl.dz\/finance-islamique\/en\/wp-json\/wp\/v2\/users\/1"}],"replies":[{"embeddable":true,"href":"https:\/\/www.bdl.dz\/finance-islamique\/en\/wp-json\/wp\/v2\/comments?post=7748"}],"version-history":[{"count":0,"href":"https:\/\/www.bdl.dz\/finance-islamique\/en\/wp-json\/wp\/v2\/pages\/7748\/revisions"}],"wp:attachment":[{"href":"https:\/\/www.bdl.dz\/finance-islamique\/en\/wp-json\/wp\/v2\/media?parent=7748"}],"curies":[{"name":"wp","href":"https:\/\/api.w.org\/{rel}","templated":true}]}}