{"id":2326,"date":"2020-11-27T11:46:54","date_gmt":"2020-11-27T10:46:54","guid":{"rendered":"http:\/\/localhost\/bdl\/?page_id=2326"},"modified":"2023-05-12T00:11:57","modified_gmt":"2023-05-12T00:11:57","slug":"simulateur-immobilier-2","status":"publish","type":"page","link":"https:\/\/www.bdl.dz\/finance-islamique\/en\/simulateur-immobilier-2\/","title":{"rendered":"Simulateur Immobilier 2"},"content":{"rendered":"\t\t<div data-elementor-type=\"wp-page\" data-elementor-id=\"2326\" class=\"elementor elementor-2326\">\n\t\t\t\t        <section class=\"elementor-section elementor-top-section elementor-element elementor-element-bc1ddcc elementor-section-boxed elementor-section-height-default elementor-section-height-default wpr-particle-no wpr-jarallax-no wpr-parallax-no wpr-sticky-section-no wpr-equal-height-no\" data-id=\"bc1ddcc\" data-element_type=\"section\" data-e-type=\"section\">\n            \n                        <div class=\"elementor-container elementor-column-gap-default \">\n                    <div class=\"elementor-column elementor-col-100 elementor-top-column elementor-element elementor-element-2fb9597\" data-id=\"2fb9597\" data-element_type=\"column\" data-e-type=\"column\">\n                    <div class=\"elementor-widget-wrap elementor-element-populated\">\n        \t\t<div class=\"elementor-element elementor-element-8afd0c3 elementor-widget elementor-widget-text-editor\" data-id=\"8afd0c3\" data-element_type=\"widget\" data-e-type=\"widget\" data-widget_type=\"text-editor.default\">\n\t\t\t\t<div class=\"elementor-widget-container\">\n\t\t\t\t\t\t\t\t\t<div id=\"tab-content\" class=\"tab-content\">\n\t<!--\/centre-->\t\t\t\t\t\t\n                            \n<div id=\"tab1\">\n\t\t\t\t\t\t\n\n\t<div class=\"panel-group\" id=\"accordion\" role=\"tablist\" aria-multiselectable=\"true\">\n\n    <div class=\"main text-center\">\n\t\n\t\t<div class=\"sub-main\">\n                            \n     <form name=\"simulation\"> \n  <div class=\"clear\"><\/div>\n  \n  <div> <label class=\"label-inline text-right\">revenu mensuel (DA) :<\/label>\n<input type=\"text\" name=\"salaire\" onfocus=\"this.value=''\" maxlength=\"6\" required=\"\" onblur=\"verifsal(this)\"><\/div>\n\t<div><label class=\"label-inline text-right\">Votre \u00e2ge :<\/label>\n            <input type=\"text\" onfocus=\"this.value=''\" name=\"age\" maxlength=\"2\" required=\"\" onblur=\"verifAge(this)\"><\/div>\n            \n    <div><label class=\"label-inline text-right\">Type de cr\u00e9dit :<\/label>        \n   <select type=\"option\" onchange=\"voirSelection(this)\">  \n    \t  <option value=\"0\">&#8211; S\u00e9lectionnez un cr\u00e9dit &#8211; <\/option>\n   \t\t  <option value=\"1\">Achat aupr\u00e9s d&#8217;un promoteur<\/option>\n          <option value=\"2\">Achat aupr\u00e9s d&#8217;un particulier<\/option>\n          <option value=\"3\">Achat vent sur plan<\/option>\n          <option value=\"4\">Achat VSP\/LSP<\/option>\n\t\t  <option value=\"5\">Achat Cooprative immobili\u00e8re<\/option>\n\t\t  <option value=\"6\">Auto-construction<\/option>\n\t\t  <option value=\"7\">Am\u00e9nagement<\/option>\n\t\t  <option value=\"8\">Extention<\/option>\n\t\t  <option value=\"9\">Construction zone rurale<\/option>\n    \n   <\/select>  <\/div>\n   \n    \n  \n  \n<div class=\"btn_container\">   \n<input class=\"boutton disabled btn btn-primary calc_btn\" type=\"boutton\" disabled=\"disabled\" value=\"Calculer\" onclick=\"main(simulation)\"><\/div>\n\n   <div class=\"resultat\">\n    \n<div><label class=\"label-inline text-right\">Montant cr\u00e9dit :<\/label><label class=\"text-left\" style=\"color:#711e80\" id=\"montant\"><\/label> <\/div>\n<div><label class=\"label-inline text-right\">Taux d&#8217;intr\u00eat :<\/label> <label class=\"text-left\" style=\"color:#711e80\" id=\"taux\"><\/label><\/div>\n<div> <label class=\"label-inline text-right\">mensualit\u00e9 : <\/label><label class=\"text-left\" style=\"color:#711e80\" id=\"mons\"><\/label><\/div>\n<div><label class=\"label-inline text-right\">Dur\u00e9e :<\/label><label class=\"text-left\" style=\"color:#711e80\" id=\"ans\"><\/label><\/div><\/div>\n<br>                      \n\t<p>Ceci n&#8217;est qu&#8217;une simulation et ne peut \u00eatre consid\u00e9r\u00e9e comme un accord de financement<\/p>\t\t\n\n  <\/form>\n                            \n    \t\t\t\t \n\t\t\t\t\t\t<\/div><\/div><\/div>\n\t\t\t\t\t\t\n\t\t\t\t\t\t\t\t\t\t\t\t\t\t\t\t\t\t\t\t\n                   \t\t\t\t\t\t\n\t <\/div>\n\t\t\t\t\t   \n <!--Est-->\n\t\t\t\t\t\t\t \n <\/div>\t\t\t\t\t\t\t\t<\/div>\n\t\t\t\t<\/div>\n\t\t            <\/div>\n        <\/div>\n                    <\/div>\n        <\/section>\n        \t\t<\/div>\n\t\t","protected":false},"excerpt":{"rendered":"<p>revenu mensuel (DA) : Votre \u00e2ge : Type de cr\u00e9dit : &#8211; S\u00e9lectionnez un cr\u00e9dit &#8211;Achat aupr\u00e9s d&#8217;un promoteurAchat aupr\u00e9s d&#8217;un particulierAchat vent sur planAchat VSP\/LSPAchat Cooprative immobili\u00e8reAuto-constructionAm\u00e9nagementExtentionConstruction zone rurale Montant cr\u00e9dit : Taux d&#8217;intr\u00eat : mensualit\u00e9 : Dur\u00e9e :Ceci n&#8217;est qu&#8217;une simulation et ne peut \u00eatre consid\u00e9r\u00e9e comme un accord de financement<\/p>\n","protected":false},"author":1,"featured_media":3746,"parent":0,"menu_order":0,"comment_status":"closed","ping_status":"closed","template":"","meta":{"footnotes":""},"class_list":["post-2326","page","type-page","status-publish","has-post-thumbnail","hentry"],"_links":{"self":[{"href":"https:\/\/www.bdl.dz\/finance-islamique\/en\/wp-json\/wp\/v2\/pages\/2326","targetHints":{"allow":["GET"]}}],"collection":[{"href":"https:\/\/www.bdl.dz\/finance-islamique\/en\/wp-json\/wp\/v2\/pages"}],"about":[{"href":"https:\/\/www.bdl.dz\/finance-islamique\/en\/wp-json\/wp\/v2\/types\/page"}],"author":[{"embeddable":true,"href":"https:\/\/www.bdl.dz\/finance-islamique\/en\/wp-json\/wp\/v2\/users\/1"}],"replies":[{"embeddable":true,"href":"https:\/\/www.bdl.dz\/finance-islamique\/en\/wp-json\/wp\/v2\/comments?post=2326"}],"version-history":[{"count":0,"href":"https:\/\/www.bdl.dz\/finance-islamique\/en\/wp-json\/wp\/v2\/pages\/2326\/revisions"}],"wp:featuredmedia":[{"embeddable":true,"href":"https:\/\/www.bdl.dz\/finance-islamique\/en\/wp-json\/wp\/v2\/media\/3746"}],"wp:attachment":[{"href":"https:\/\/www.bdl.dz\/finance-islamique\/en\/wp-json\/wp\/v2\/media?parent=2326"}],"curies":[{"name":"wp","href":"https:\/\/api.w.org\/{rel}","templated":true}]}}