{"id":2132,"date":"2020-11-26T13:20:54","date_gmt":"2020-11-26T12:20:54","guid":{"rendered":"http:\/\/localhost\/bdl\/?page_id=2132"},"modified":"2023-05-19T00:31:08","modified_gmt":"2023-05-19T00:31:08","slug":"contact","status":"publish","type":"page","link":"https:\/\/www.bdl.dz\/finance-islamique\/en\/contact\/","title":{"rendered":"Contact"},"content":{"rendered":"\t\t<div data-elementor-type=\"wp-page\" data-elementor-id=\"2132\" class=\"elementor elementor-2132\">\n\t\t\t\t        <section class=\"elementor-section elementor-top-section elementor-element elementor-element-818acbc elementor-section-boxed elementor-section-height-default elementor-section-height-default wpr-particle-no wpr-jarallax-no wpr-parallax-no wpr-sticky-section-no wpr-equal-height-no\" data-id=\"818acbc\" data-element_type=\"section\" data-e-type=\"section\">\n            \n                        <div class=\"elementor-container elementor-column-gap-wider \">\n                    <div class=\"elementor-column elementor-col-100 elementor-top-column elementor-element elementor-element-3620da0\" data-id=\"3620da0\" data-element_type=\"column\" data-e-type=\"column\">\n                    <div class=\"elementor-widget-wrap elementor-element-populated\">\n        \t\t<div class=\"elementor-element elementor-element-2f5bb47 elementor-widget elementor-widget-ct_title\" data-id=\"2f5bb47\" data-element_type=\"widget\" data-e-type=\"widget\" data-widget_type=\"ct_title.default\">\n\t\t\t\t<div class=\"elementor-widget-container\">\n\t\t\t\t\t<div class=\"ct-title1 style2\">\r\n    <h3>\r\n        <span>Veuillez remplir le formulaire<\/span>\r\n        <i><\/i>\r\n    <\/h3>\r\n<\/div>\t\t\t\t<\/div>\n\t\t\t\t<\/div>\n\t\t\t\t<div class=\"elementor-element elementor-element-3e19221 elementor-widget elementor-widget-ct_ctf7\" data-id=\"3e19221\" data-element_type=\"widget\" data-e-type=\"widget\" data-widget_type=\"ct_ctf7.default\">\n\t\t\t\t<div class=\"elementor-widget-container\">\n\t\t\t\t\t    <div id=\"ct_ctf7-3e19221\" class=\"ct-contact-form-layout1 style3 \">\r\n        <div class=\"ct-contact-form-inner\">\r\n            \n<div class=\"wpcf7 no-js\" id=\"wpcf7-f5235-o1\" lang=\"en-US\" dir=\"ltr\" data-wpcf7-id=\"5235\">\n<div class=\"screen-reader-response\"><p role=\"status\" aria-live=\"polite\" aria-atomic=\"true\"><\/p> <ul><\/ul><\/div>\n<form action=\"\/finance-islamique\/en\/wp-json\/wp\/v2\/pages\/2132#wpcf7-f5235-o1\" method=\"post\" class=\"wpcf7-form init\" aria-label=\"Contact form\" novalidate=\"novalidate\" data-status=\"init\">\n<fieldset class=\"hidden-fields-container\"><input type=\"hidden\" name=\"_wpcf7\" value=\"5235\" \/><input type=\"hidden\" name=\"_wpcf7_version\" value=\"6.1.5\" \/><input type=\"hidden\" name=\"_wpcf7_locale\" value=\"en_US\" \/><input type=\"hidden\" name=\"_wpcf7_unit_tag\" value=\"wpcf7-f5235-o1\" \/><input type=\"hidden\" name=\"_wpcf7_container_post\" value=\"0\" \/><input type=\"hidden\" name=\"_wpcf7_posted_data_hash\" value=\"\" \/>\n<\/fieldset>\n<div class=\"row\">\n\t<div class=\"input-filled col-lg-6 col-md-6\">\n\t\t<p><i class=\"fac fac-user input-icon\"><\/i><span class=\"wpcf7-form-control-wrap\" data-name=\"nom\"><input size=\"40\" maxlength=\"400\" class=\"wpcf7-form-control wpcf7-text wpcf7-validates-as-required\" aria-required=\"true\" aria-invalid=\"false\" placeholder=\"Nom\" value=\"\" type=\"text\" name=\"nom\" \/><\/span>\n\t\t<\/p>\n\t<\/div>\n\t<div class=\"input-filled col-lg-6 col-md-6\">\n\t\t<p><i class=\"fac fac-user input-icon\"><\/i><span class=\"wpcf7-form-control-wrap\" data-name=\"prenom\"><input size=\"40\" maxlength=\"400\" class=\"wpcf7-form-control wpcf7-text wpcf7-validates-as-required\" aria-required=\"true\" aria-invalid=\"false\" placeholder=\"Pr\u00e9nom\" value=\"\" type=\"text\" name=\"prenom\" \/><\/span>\n\t\t<\/p>\n\t<\/div>\n<\/div>\n<div class=\"row\">\n\t<div class=\"input-filled col-lg-6 col-md-6\">\n\t\t<p><i class=\"fac fac-phone input-icon\"><\/i><span class=\"wpcf7-form-control-wrap\" data-name=\"phone\"><input class=\"wpcf7-form-control wpcf7-number wpcf7-validates-as-required wpcf7-validates-as-number\" aria-required=\"true\" aria-invalid=\"false\" placeholder=\"T\u00e9l\u00e9phone\" value=\"\" type=\"number\" name=\"phone\" \/><\/span>\n\t\t<\/p>\n\t<\/div>\n\t<div class=\"input-filled col-lg-6 col-md-6\">\n\t\t<p><i class=\"fac fac-envelope input-icon\"><\/i><span class=\"wpcf7-form-control-wrap\" data-name=\"email\"><input size=\"40\" maxlength=\"400\" class=\"wpcf7-form-control wpcf7-email wpcf7-validates-as-required wpcf7-text wpcf7-validates-as-email\" aria-required=\"true\" aria-invalid=\"false\" placeholder=\"Adresse-Mail\" value=\"\" type=\"email\" name=\"email\" \/><\/span>\n\t\t<\/p>\n\t<\/div>\n<\/div>\n<div class=\"row\">\n\t<div class=\"input-filled col-lg-6 col-md-6\">\n\t\t<p><span class=\"wpcf7-form-control-wrap\" data-name=\"age\"><input class=\"wpcf7-form-control wpcf7-number wpcf7-validates-as-required wpcf7-validates-as-number\" aria-required=\"true\" aria-invalid=\"false\" placeholder=\"Age\" value=\"\" type=\"number\" name=\"age\" \/><\/span>\n\t\t<\/p>\n\t<\/div>\n\t<div class=\"input-filled col-lg-6 col-md-6\">\n\t\t<p><span class=\"wpcf7-form-control-wrap\" data-name=\"statut\"><select class=\"wpcf7-form-control wpcf7-select wpcf7-validates-as-required\" aria-required=\"true\" aria-invalid=\"false\" name=\"statut\"><option value=\"Votre statut\">Votre statut<\/option><option value=\"Particulier\">Particulier<\/option><option value=\"Commer\u00e7ant\">Commer\u00e7ant<\/option><option value=\"Profession lib\u00e9rale\">Profession lib\u00e9rale<\/option><option value=\"Entreprise\">Entreprise<\/option><option value=\"Investisseur\">Investisseur<\/option><\/select><\/span>\n\t\t<\/p>\n\t<\/div>\n<\/div>\n<div class=\"row\">\n\t<div class=\"input-filled col-lg-6 col-md-6\">\n\t\t<p><span class=\"wpcf7-form-control-wrap\" data-name=\"wilaya\"><select class=\"wpcf7-form-control wpcf7-select wpcf7-validates-as-required\" aria-required=\"true\" aria-invalid=\"false\" name=\"wilaya\"><option value=\"Wilaya\">Wilaya<\/option><option value=\"Adrar\">Adrar<\/option><option value=\"Chlef\">Chlef<\/option><option value=\"Laghouat\">Laghouat<\/option><option value=\"Oum El Bouaghi\">Oum El Bouaghi<\/option><option value=\"Batna\">Batna<\/option><option value=\"B\u00e9ja\u00efa\">B\u00e9ja\u00efa<\/option><option value=\"Biskra\">Biskra<\/option><option value=\"B\u00e9char\">B\u00e9char<\/option><option value=\"Blida\">Blida<\/option><option value=\"Bouira\">Bouira<\/option><option value=\"Tamanrasset\">Tamanrasset<\/option><option value=\"T\u00e9bessa\">T\u00e9bessa<\/option><option value=\"Tlemcen\">Tlemcen<\/option><option value=\"Tiaret\">Tiaret<\/option><option value=\"Tizi Ouzou\">Tizi Ouzou<\/option><option value=\"Alger\">Alger<\/option><option value=\"Djelfa\">Djelfa<\/option><option value=\"Jijel\">Jijel<\/option><option value=\"S\u00e9tif\">S\u00e9tif<\/option><option value=\"Sa\u00efda\">Sa\u00efda<\/option><option value=\"Skikda\">Skikda<\/option><option value=\"Sidi Bel Abb\u00e8s\">Sidi Bel Abb\u00e8s<\/option><option value=\"Annaba\">Annaba<\/option><option value=\"Guelma\">Guelma<\/option><option value=\"Constantine\">Constantine<\/option><option value=\"M\u00e9d\u00e9a\">M\u00e9d\u00e9a<\/option><option value=\"Mostaganem\">Mostaganem<\/option><option value=\"M&#039;Sila\">M&#039;Sila<\/option><option value=\"Mascara\">Mascara<\/option><option value=\"Ouargla\">Ouargla<\/option><option value=\"Oran\">Oran<\/option><option value=\"El Bayadh\">El Bayadh<\/option><option value=\"Illizi\">Illizi<\/option><option value=\"Bordj Bou Arreridj\">Bordj Bou Arreridj<\/option><option value=\"Boumerd\u00e8s\">Boumerd\u00e8s<\/option><option value=\"El Tarf\">El Tarf<\/option><option value=\"Tindouf\">Tindouf<\/option><option value=\"Tissemsilt\">Tissemsilt<\/option><option value=\"El Oued\">El Oued<\/option><option value=\"Khenchela\">Khenchela<\/option><option value=\"Souk Ahras\">Souk Ahras<\/option><option value=\"Tipaza\">Tipaza<\/option><option value=\"Mila\">Mila<\/option><option value=\"A\u00efn Defla\">A\u00efn Defla<\/option><option value=\"Na\u00e2ma\">Na\u00e2ma<\/option><option value=\"A\u00efn T\u00e9mouchent\">A\u00efn T\u00e9mouchent<\/option><option value=\"Gharda\u00efa\">Gharda\u00efa<\/option><option value=\"Relizane\">Relizane<\/option><option value=\"Timimoun\">Timimoun<\/option><option value=\"Bordj Badji Mokhtar\">Bordj Badji Mokhtar<\/option><option value=\"Ouled Djellal\">Ouled Djellal<\/option><option value=\"B\u00e9ni Abbes\">B\u00e9ni Abbes<\/option><option value=\"In Salah\">In Salah<\/option><option value=\"In Guezzam\">In Guezzam<\/option><option value=\"Touggourt\">Touggourt<\/option><option value=\"Djanet\">Djanet<\/option><option value=\"El Megaier\">El Megaier<\/option><option value=\"El Meniaa\">El Meniaa<\/option><\/select><\/span>\n\t\t<\/p>\n\t<\/div>\n\t<div class=\"input-filled col-lg-6 col-md-6\">\n\t\t<p><span class=\"wpcf7-form-control-wrap\" data-name=\"motif\"><select class=\"wpcf7-form-control wpcf7-select wpcf7-validates-as-required\" aria-required=\"true\" aria-invalid=\"false\" name=\"motif\"><option value=\"Motif de votre demande\">Motif de votre demande<\/option><option value=\"Qualit\u00e9 d&#039;accueil\">Qualit\u00e9 d&#039;accueil<\/option><option value=\"Produits ou services\">Produits ou services<\/option><option value=\"Autre\">Autre<\/option><\/select><\/span>\n\t\t<\/p>\n\t<\/div>\n<\/div>\n<div class=\"row\">\n\t<div class=\"input-filled col-lg-6 col-md-6\">\n\t\t<p><span class=\"wpcf7-form-control-wrap\" data-name=\"client\"><select class=\"wpcf7-form-control wpcf7-select wpcf7-validates-as-required\" aria-required=\"true\" aria-invalid=\"false\" name=\"client\"><option value=\"Vous \u00eates notre client?\">Vous \u00eates notre client?<\/option><option value=\"Oui\">Oui<\/option><option value=\"Non\">Non<\/option><\/select><\/span>\n\t\t<\/p>\n\t<\/div>\n\t<div class=\"input-filled col-lg-6 col-md-6\">\n\t\t<p><span class=\"wpcf7-form-control-wrap\" data-name=\"type\"><select class=\"wpcf7-form-control wpcf7-select wpcf7-validates-as-required\" aria-required=\"true\" aria-invalid=\"false\" name=\"type\"><option value=\"Type de votre demande\">Type de votre demande<\/option><option value=\"R\u00e9clamation\">R\u00e9clamation<\/option><option value=\"Demande d&#039;information\">Demande d&#039;information<\/option><option value=\"Rendez-vous\">Rendez-vous<\/option><\/select><\/span>\n\t\t<\/p>\n\t<\/div>\n<\/div>\n<div class=\"row\">\n\t<div class=\"input-filled col-12\">\n\t\t<p><span class=\"wpcf7-form-control-wrap\" data-name=\"message\"><textarea cols=\"40\" rows=\"10\" maxlength=\"2000\" class=\"wpcf7-form-control wpcf7-textarea wpcf7-validates-as-required\" aria-required=\"true\" aria-invalid=\"false\" placeholder=\"Text message...\" name=\"message\"><\/textarea><\/span>\n\t\t<\/p>\n\t<\/div>\n\t<div class=\"input-filled col-12\">\n\t\t<p><button type=\"submit\" class=\"wpcf7-submit btn btn-secondary btn-block\"><i class=\"fac fac-paper-plane space-right\"><\/i>Envoyer<\/button>\n\t\t<\/p>\n\t<\/div>\n<\/div><div class=\"wpcf7-response-output\" aria-hidden=\"true\"><\/div>\n<\/form>\n<\/div>\n        <\/div>\r\n    <\/div>\r\n\t\t\t\t<\/div>\n\t\t\t\t<\/div>\n\t\t            <\/div>\n        <\/div>\n                    <\/div>\n        <\/section>\n                <section class=\"elementor-section elementor-top-section elementor-element elementor-element-db9118c elementor-section-boxed elementor-section-height-default elementor-section-height-default wpr-particle-no wpr-jarallax-no wpr-parallax-no wpr-sticky-section-no wpr-equal-height-no\" data-id=\"db9118c\" data-element_type=\"section\" data-e-type=\"section\">\n            \n                        <div class=\"elementor-container elementor-column-gap-default \">\n                    <div class=\"elementor-column elementor-col-100 elementor-top-column elementor-element elementor-element-56b212c\" data-id=\"56b212c\" data-element_type=\"column\" data-e-type=\"column\">\n                    <div class=\"elementor-widget-wrap elementor-element-populated\">\n        \t\t<div class=\"elementor-element elementor-element-5c0e07e elementor-widget elementor-widget-spacer\" data-id=\"5c0e07e\" data-element_type=\"widget\" data-e-type=\"widget\" data-widget_type=\"spacer.default\">\n\t\t\t\t<div class=\"elementor-widget-container\">\n\t\t\t\t\t\t\t<div class=\"elementor-spacer\">\n\t\t\t<div class=\"elementor-spacer-inner\"><\/div>\n\t\t<\/div>\n\t\t\t\t\t\t<\/div>\n\t\t\t\t<\/div>\n\t\t            <\/div>\n        <\/div>\n                    <\/div>\n        <\/section>\n        \t\t<\/div>\n\t\t","protected":false},"excerpt":{"rendered":"<p>Veuillez remplir le formulaire Votre statutParticulierCommer\u00e7antProfession lib\u00e9raleEntrepriseInvestisseur WilayaAdrarChlefLaghouatOum El BouaghiBatnaB\u00e9ja\u00efaBiskraB\u00e9charBlidaBouiraTamanrassetT\u00e9bessaTlemcenTiaretTizi OuzouAlgerDjelfaJijelS\u00e9tifSa\u00efdaSkikdaSidi Bel Abb\u00e8sAnnabaGuelmaConstantineM\u00e9d\u00e9aMostaganemM&#039;SilaMascaraOuarglaOranEl BayadhIlliziBordj Bou ArreridjBoumerd\u00e8sEl TarfTindoufTissemsiltEl OuedKhenchelaSouk AhrasTipazaMilaA\u00efn DeflaNa\u00e2maA\u00efn T\u00e9mouchentGharda\u00efaRelizaneTimimounBordj Badji MokhtarOuled DjellalB\u00e9ni AbbesIn SalahIn GuezzamTouggourtDjanetEl MegaierEl Meniaa Motif de votre demandeQualit\u00e9 d&#039;accueilProduits ou servicesAutre Vous \u00eates notre client?OuiNon Type de votre demandeR\u00e9clamationDemande d&#039;informationRendez-vous Envoyer<\/p>\n","protected":false},"author":1,"featured_media":3716,"parent":0,"menu_order":0,"comment_status":"closed","ping_status":"closed","template":"","meta":{"footnotes":""},"class_list":["post-2132","page","type-page","status-publish","has-post-thumbnail","hentry"],"_links":{"self":[{"href":"https:\/\/www.bdl.dz\/finance-islamique\/en\/wp-json\/wp\/v2\/pages\/2132","targetHints":{"allow":["GET"]}}],"collection":[{"href":"https:\/\/www.bdl.dz\/finance-islamique\/en\/wp-json\/wp\/v2\/pages"}],"about":[{"href":"https:\/\/www.bdl.dz\/finance-islamique\/en\/wp-json\/wp\/v2\/types\/page"}],"author":[{"embeddable":true,"href":"https:\/\/www.bdl.dz\/finance-islamique\/en\/wp-json\/wp\/v2\/users\/1"}],"replies":[{"embeddable":true,"href":"https:\/\/www.bdl.dz\/finance-islamique\/en\/wp-json\/wp\/v2\/comments?post=2132"}],"version-history":[{"count":0,"href":"https:\/\/www.bdl.dz\/finance-islamique\/en\/wp-json\/wp\/v2\/pages\/2132\/revisions"}],"wp:featuredmedia":[{"embeddable":true,"href":"https:\/\/www.bdl.dz\/finance-islamique\/en\/wp-json\/wp\/v2\/media\/3716"}],"wp:attachment":[{"href":"https:\/\/www.bdl.dz\/finance-islamique\/en\/wp-json\/wp\/v2\/media?parent=2132"}],"curies":[{"name":"wp","href":"https:\/\/api.w.org\/{rel}","templated":true}]}}