{"id":2455,"date":"2020-12-01T06:49:21","date_gmt":"2020-12-01T06:49:21","guid":{"rendered":"http:\/\/localhost\/bdl\/?page_id=2455"},"modified":"2020-12-01T06:49:21","modified_gmt":"2020-12-01T06:49:21","slug":"useful-links","status":"publish","type":"page","link":"https:\/\/www.bdl.dz\/en\/useful-links\/","title":{"rendered":"Useful links"},"content":{"rendered":"\t\t<div data-elementor-type=\"wp-page\" data-elementor-id=\"2455\" class=\"elementor elementor-2455\">\n\t\t\t\t        <section class=\"elementor-section elementor-top-section elementor-element elementor-element-afe827f elementor-section-boxed elementor-section-height-default elementor-section-height-default exad-glass-effect-no wpr-particle-no wpr-jarallax-no wpr-parallax-no wpr-sticky-section-no exad-sticky-section-no\" data-id=\"afe827f\" data-element_type=\"section\" data-e-type=\"section\">\n            \n                        <div class=\"elementor-container elementor-column-gap-wider \">\n                    <div class=\"elementor-column elementor-col-100 elementor-top-column elementor-element elementor-element-70a2126 exad-glass-effect-no exad-sticky-section-no\" data-id=\"70a2126\" data-element_type=\"column\" data-e-type=\"column\">\n        <div class=\"elementor-widget-wrap elementor-element-populated\">\n                    \n        \t\t<div class=\"elementor-element elementor-element-437bcfa exad-sticky-section-no exad-glass-effect-no elementor-widget elementor-widget-ct_title\" data-id=\"437bcfa\" data-element_type=\"widget\" data-e-type=\"widget\" data-widget_type=\"ct_title.default\">\n\t\t\t\t<div class=\"elementor-widget-container\">\n\t\t\t\t\t<div class=\"ct-title1 style2\">\r\n    <h3>\r\n        <span>Useful links<\/span>\r\n        <i><\/i>\r\n    <\/h3>\r\n<\/div>\t\t\t\t<\/div>\n\t\t\t\t<\/div>\n\t\t        <section class=\"elementor-section elementor-inner-section elementor-element elementor-element-33cc95d elementor-section-boxed elementor-section-height-default elementor-section-height-default exad-glass-effect-no wpr-particle-no wpr-jarallax-no wpr-parallax-no wpr-sticky-section-no exad-sticky-section-no\" data-id=\"33cc95d\" data-element_type=\"section\" data-e-type=\"section\">\n            \n                        <div class=\"elementor-container elementor-column-gap-default \">\n                    <div class=\"elementor-column elementor-col-50 elementor-inner-column elementor-element elementor-element-a73d4fc exad-glass-effect-no exad-sticky-section-no\" data-id=\"a73d4fc\" data-element_type=\"column\" data-e-type=\"column\">\n        <div class=\"elementor-widget-wrap elementor-element-populated\">\n                    \n        \t\t<div class=\"elementor-element elementor-element-4b45d1e exad-sticky-section-no exad-glass-effect-no elementor-widget elementor-widget-text-editor\" data-id=\"4b45d1e\" data-element_type=\"widget\" data-e-type=\"widget\" data-widget_type=\"text-editor.default\">\n\t\t\t\t<div class=\"elementor-widget-container\">\n\t\t\t\t\t\t\t\t\t<ul>\n<li><a href=\"http:\/\/www.bank-of-algeria.dz\/ \" target=\"_blank\" rel=\"noopener\"><span style=\"color: #000000;\">Banque d&#8217;Alg\u00e9rie<\/span><\/a><\/li>\n<li><a href=\"https:\/\/www.abef-dz.org\/ \" target=\"_blank\" rel=\"noopener\"><span style=\"color: #000000;\">Association des Banques et Etablissements Financiers<\/span><\/a><\/li>\n<li><a href=\"http:\/\/www.ansej.org.dz\/ \" target=\"_blank\" rel=\"noopener\"><span style=\"color: #000000;\">Agence nationale de soutien \u00e0 l&#8217;emploi des jeunes<\/span><\/a><\/li>\n<li><a href=\"https:\/\/www.cnac.dz\/ \" target=\"_blank\" rel=\"noopener\"><span style=\"color: #000000;\">Caisse nationale d&#8217;assurance-ch\u00f4mage<\/span><\/a><\/li>\n<li><a href=\"http:\/\/www.angem.dz\/ \" target=\"_blank\" rel=\"noopener\"><span style=\"color: #000000;\">Agence Nationale de gestion du Micro-cr\u00e9dit<\/span><\/a><\/li>\n<li><a href=\"http:\/\/www.dge.gov.dz\/ \" target=\"_blank\" rel=\"noopener\"><span style=\"color: #000000;\">Direction des grandes Entreprises<\/span><\/a><\/li>\n<li><a href=\"https:\/\/www.jibayatic.dz\/ \" target=\"_blank\" rel=\"noopener\"><span style=\"color: #000000;\">Jibayatic<\/span><\/a><\/li>\n<li><a href=\"https:\/\/casnos.com.dz\/ \" target=\"_blank\" rel=\"noopener\"><span style=\"color: #000000;\">Caisse nationale de s\u00e9curit\u00e9 sociale des non-salari\u00e9s<\/span><\/a><\/li>\n<li><a href=\"http:\/\/www.cnas.dz\/ \" target=\"_blank\" rel=\"noopener\"><span style=\"color: #000000;\">Caisse Nationale des Assurances Sociales des Travailleurs Salari\u00e9s<\/span><\/a><\/li>\n<li><a href=\"http:\/\/cnr-dz.com\/ \" target=\"_blank\" rel=\"noopener\"><span style=\"color: #000000;\">Caisse Nationale des retraites<\/span><\/a><\/li>\n<li><a href=\"https:\/\/sidjilcom.cnrc.dz\/ \" target=\"_blank\" rel=\"noopener\"><span style=\"color: #000000;\">Centre National du Registre du Commerce<\/span><\/a><\/li>\n<li><a href=\"http:\/\/www.exal.dz\/ \" target=\"_blank\" rel=\"noopener\"><span style=\"color: #000000;\">Expertise Alg\u00e9rie<\/span><\/a><\/li>\n<li><a href=\"http:\/\/www.sae-exact.dz\/ \" target=\"_blank\" rel=\"noopener\"><span style=\"color: #000000;\">Soci\u00e9t\u00e9 Alg\u00e9rienne d&#8217;Expertise et du Contr\u00f4le Technique Automobile<\/span><\/a><\/li>\n<li><a href=\"http:\/\/www.cgci.dz\/ \" target=\"_blank\" rel=\"noopener\"><span style=\"color: #000000;\">Caisse de Garantie des Cr\u00e9dits d&#8217;Investissement<\/span><\/a><\/li>\n<li><a href=\"https:\/\/www.fgar.dz\/ \" target=\"_blank\" rel=\"noopener\"><span style=\"color: #000000;\">Fonds de garantie des cr\u00e9dits aux PME<\/span><\/a><\/li>\n<li><a href=\"http:\/\/www.andi.dz\/ \" target=\"_blank\" rel=\"noopener\"><span style=\"color: #000000;\">Agence Nationale de D\u00e9veloppement de l&#8217;Investissement<\/span><\/a><\/li>\n<li><a href=\"http:\/\/www.andpme.org.dz\/ \" target=\"_blank\" rel=\"noopener\"><span style=\"color: #000000;\">Agence Nationale de D\u00e9veloppement de la PME<\/span><\/a><\/li>\n<li><a href=\"http:\/\/www.aebs-tech.com\/ \" target=\"_blank\" rel=\"noopener\"><span style=\"color: #000000;\">Algeria E-Banking Services<\/span><\/a><\/li>\n<\/ul>\t\t\t\t\t\t\t\t<\/div>\n\t\t\t\t<\/div>\n\t\t            <\/div>\n        <\/div>\n                <div class=\"elementor-column elementor-col-50 elementor-inner-column elementor-element elementor-element-081a1c6 exad-glass-effect-no exad-sticky-section-no\" data-id=\"081a1c6\" data-element_type=\"column\" data-e-type=\"column\">\n        <div class=\"elementor-widget-wrap elementor-element-populated\">\n                    \n        \t\t<div class=\"elementor-element elementor-element-932653a exad-sticky-section-no exad-glass-effect-no elementor-widget elementor-widget-text-editor\" data-id=\"932653a\" data-element_type=\"widget\" data-e-type=\"widget\" data-widget_type=\"text-editor.default\">\n\t\t\t\t<div class=\"elementor-widget-container\">\n\t\t\t\t\t\t\t\t\t<ul><li>\u00a0<\/li><li><a href=\"http:\/\/www.mastercard.com\/ \" target=\"_blank\" rel=\"noopener\"><span style=\"color: #000000;\">Mastercard<\/span><\/a><\/li><li><a href=\"https:\/\/www.visa.fr\/ \" target=\"_blank\" rel=\"noopener\"><span style=\"color: #000000;\">Visa<\/span><\/a><\/li><li><a href=\"https:\/\/www.bitakati.dz\/ \" target=\"_blank\" rel=\"noopener\"><span style=\"color: #000000;\">Bitakati<\/span><\/a><\/li><li><a href=\"https:\/\/giemonetique.dz\/ \" target=\"_blank\" rel=\"noopener\"><span style=\"color: #000000;\">GIE Monetique<\/span><\/a><\/li><li><a href=\"https:\/\/www.amana.dz\/ \" target=\"_blank\" rel=\"noopener\"><span style=\"color: #000000;\">AMANA Assurance pr\u00e9voyance &amp; sant\u00e9<\/span><\/a><\/li><li><a href=\"http:\/\/www.saa.dz\/ \" target=\"_blank\" rel=\"noopener\"><span style=\"color: #000000;\">Soci\u00e9t\u00e9 Nationale d&#8217;Assurance<\/span><\/a><\/li><li><a href=\"http:\/\/www.snl.dz\/ \" target=\"_blank\" rel=\"noopener\"><span style=\"color: #000000;\">Leasing Alg\u00e9rie<\/span><\/a><\/li><li><a href=\"http:\/\/www.aniref.dz\/ \" target=\"_blank\" rel=\"noopener\"><span style=\"color: #000000;\">Agence Nationale d&#8217;Intermediation et de R\u00e9gulation Fonci\u00e8re<\/span><\/a><\/li><li><a href=\"http:\/\/www.anem.dz\/ \" target=\"_blank\" rel=\"noopener\"><span style=\"color: #000000;\">Agence Nationale de l&#8217;Emploi<\/span><\/a><\/li><li><a href=\"http:\/\/www.ons.dz\/ \" target=\"_blank\" rel=\"noopener\"><span style=\"color: #000000;\">Office National des Statistiques<\/span><\/a><\/li><li><a href=\"http:\/\/www.joradp.dz\/ \" target=\"_blank\" rel=\"noopener\"><span style=\"color: #000000;\">SGG Alg\u00e9rie<\/span><\/a><\/li><li><a href=\"http:\/\/www.snapo.org\/ \" target=\"_blank\" rel=\"noopener\"><span style=\"color: #000000;\">Syndicat National Algerien des Pharmaciens d&#8217;Officine<\/span><\/a><\/li><li><a href=\"http:\/\/www.caci.dz\/ \" target=\"_blank\" rel=\"noopener\"><span style=\"color: #000000;\">Chambre Alg\u00e9rienne de Commerce et d&#8217;Industrie <\/span><\/a><\/li><li><a href=\"http:\/\/www.algex.dz\/ \" target=\"_blank\" rel=\"noopener\"><span style=\"color: #000000;\">Agence Nationale de Promotion du Commerce Ext\u00e9rieur<\/span><\/a><\/li><li><a href=\"http:\/\/www.douane.gov.dz\/ \" target=\"_blank\" rel=\"noopener\"><span style=\"color: #000000;\">Douanes Alg\u00e9riennes<\/span><\/a><\/li><li><a href=\"http:\/\/ont.dz\/ \" target=\"_blank\" rel=\"noopener\"><span style=\"color: #000000;\">Office National du Tourisme<\/span><\/a><\/li><li><a href=\"http:\/\/www.fgcmpi.org.dz\/ \" target=\"_blank\" rel=\"noopener\"><span style=\"color: #000000;\">Fonds de Garantie et de Caution Mutuelle de la Promotion Immobili\u00e8re<\/span><\/a><\/li><\/ul>\t\t\t\t\t\t\t\t<\/div>\n\t\t\t\t<\/div>\n\t\t            <\/div>\n        <\/div>\n                    <\/div>\n        <\/section>\n                    <\/div>\n        <\/div>\n                    <\/div>\n        <\/section>\n        \t\t<\/div>\n\t\t","protected":false},"excerpt":{"rendered":"<p>Useful links Banque d&#8217;Alg\u00e9rie Association des Banques et Etablissements Financiers Agence nationale de soutien \u00e0 l&#8217;emploi des jeunes Caisse nationale d&#8217;assurance-ch\u00f4mage Agence Nationale de gestion du Micro-cr\u00e9dit Direction des grandes Entreprises Jibayatic Caisse nationale de s\u00e9curit\u00e9 sociale des non-salari\u00e9s Caisse Nationale des Assurances Sociales des Travailleurs Salari\u00e9s Caisse Nationale des retraites Centre National du Registre du Commerce Expertise Alg\u00e9rie Soci\u00e9t\u00e9 Alg\u00e9rienne d&#8217;Expertise et du Contr\u00f4le Technique Automobile Caisse de Garantie des Cr\u00e9dits d&#8217;Investissement Fonds de garantie des cr\u00e9dits aux PME Agence Nationale de D\u00e9veloppement de l&#8217;Investissement Agence Nationale de D\u00e9veloppement de la PME Algeria E-Banking Services \u00a0 Mastercard Visa Bitakati GIE Monetique AMANA Assurance pr\u00e9voyance &amp; sant\u00e9 Soci\u00e9t\u00e9 Nationale d&#8217;Assurance Leasing Alg\u00e9rie Agence Nationale d&#8217;Intermediation et de R\u00e9gulation Fonci\u00e8re Agence Nationale de l&#8217;Emploi Office National des Statistiques SGG Alg\u00e9rie Syndicat National Algerien des Pharmaciens d&#8217;Officine Chambre Alg\u00e9rienne de Commerce et d&#8217;Industrie Agence Nationale de Promotion du Commerce Ext\u00e9rieur Douanes Alg\u00e9riennes Office National du Tourisme Fonds de Garantie et de Caution Mutuelle de la Promotion Immobili\u00e8re<\/p>\n","protected":false},"author":1,"featured_media":8256,"parent":0,"menu_order":0,"comment_status":"closed","ping_status":"closed","template":"","meta":{"footnotes":""},"class_list":["post-2455","page","type-page","status-publish","has-post-thumbnail","hentry"],"_links":{"self":[{"href":"https:\/\/www.bdl.dz\/en\/wp-json\/wp\/v2\/pages\/2455","targetHints":{"allow":["GET"]}}],"collection":[{"href":"https:\/\/www.bdl.dz\/en\/wp-json\/wp\/v2\/pages"}],"about":[{"href":"https:\/\/www.bdl.dz\/en\/wp-json\/wp\/v2\/types\/page"}],"author":[{"embeddable":true,"href":"https:\/\/www.bdl.dz\/en\/wp-json\/wp\/v2\/users\/1"}],"replies":[{"embeddable":true,"href":"https:\/\/www.bdl.dz\/en\/wp-json\/wp\/v2\/comments?post=2455"}],"version-history":[{"count":0,"href":"https:\/\/www.bdl.dz\/en\/wp-json\/wp\/v2\/pages\/2455\/revisions"}],"wp:featuredmedia":[{"embeddable":true,"href":"https:\/\/www.bdl.dz\/en\/wp-json\/wp\/v2\/media\/8256"}],"wp:attachment":[{"href":"https:\/\/www.bdl.dz\/en\/wp-json\/wp\/v2\/media?parent=2455"}],"curies":[{"name":"wp","href":"https:\/\/api.w.org\/{rel}","templated":true}]}}