{"id":2408,"date":"2020-11-29T15:03:06","date_gmt":"2020-11-29T14:03:06","guid":{"rendered":"http:\/\/localhost\/bdl\/?page_id=2408"},"modified":"2020-11-29T15:03:06","modified_gmt":"2020-11-29T14:03:06","slug":"pre-domiciliation","status":"publish","type":"page","link":"https:\/\/www.bdl.dz\/en\/pre-domiciliation\/","title":{"rendered":"Pr\u00e9-domiciliation"},"content":{"rendered":"\t\t<div data-elementor-type=\"wp-page\" data-elementor-id=\"2408\" class=\"elementor elementor-2408\">\n\t\t\t\t        <section class=\"elementor-section elementor-top-section elementor-element elementor-element-dfe4acc elementor-section-boxed elementor-section-height-default elementor-section-height-default exad-glass-effect-no wpr-particle-no wpr-jarallax-no wpr-parallax-no wpr-sticky-section-no wpr-equal-height-no exad-sticky-section-no\" data-id=\"dfe4acc\" data-element_type=\"section\" data-e-type=\"section\">\n            \n                        <div class=\"elementor-container elementor-column-gap-wider \">\n                    <div class=\"elementor-column elementor-col-100 elementor-top-column elementor-element elementor-element-dd76f2d exad-glass-effect-no exad-sticky-section-no\" data-id=\"dd76f2d\" data-element_type=\"column\" data-e-type=\"column\">\n        <div class=\"elementor-widget-wrap elementor-element-populated\">\n                    \n                <section class=\"elementor-section elementor-inner-section elementor-element elementor-element-83b8830 elementor-section-boxed elementor-section-height-default elementor-section-height-default exad-glass-effect-no wpr-particle-no wpr-jarallax-no wpr-parallax-no wpr-sticky-section-no wpr-equal-height-no exad-sticky-section-no\" data-id=\"83b8830\" data-element_type=\"section\" data-e-type=\"section\">\n            \n                        <div class=\"elementor-container elementor-column-gap-default \">\n                    <div class=\"elementor-column elementor-col-50 elementor-inner-column elementor-element elementor-element-2f01f8e exad-glass-effect-no exad-sticky-section-no\" data-id=\"2f01f8e\" data-element_type=\"column\" data-e-type=\"column\">\n        <div class=\"elementor-widget-wrap elementor-element-populated\">\n                    \n        \t\t<div class=\"elementor-element elementor-element-7a18bd0 exad-sticky-section-no exad-glass-effect-no elementor-widget elementor-widget-ct_title\" data-id=\"7a18bd0\" data-element_type=\"widget\" data-e-type=\"widget\" data-widget_type=\"ct_title.default\">\n\t\t\t\t<div class=\"elementor-widget-container\">\n\t\t\t\t\t<div class=\"ct-title1 style2\">\r\n    <h3>\r\n        <span>Pr\u00e9-domiciliation<\/span>\r\n        <i><\/i>\r\n    <\/h3>\r\n<\/div>\t\t\t\t<\/div>\n\t\t\t\t<\/div>\n\t\t\t\t<div class=\"elementor-element elementor-element-98d8e32 exad-sticky-section-no exad-glass-effect-no elementor-widget elementor-widget-text-editor\" data-id=\"98d8e32\" data-element_type=\"widget\" data-e-type=\"widget\" data-widget_type=\"text-editor.default\">\n\t\t\t\t<div class=\"elementor-widget-container\">\n\t\t\t\t\t\t\t\t\t<h6>Qu&#8217;est-ce que c&#8217;est ?<\/h6>\t\t\t\t\t\t\t\t<\/div>\n\t\t\t\t<\/div>\n\t\t\t\t<div class=\"elementor-element elementor-element-0032737 exad-sticky-section-no exad-glass-effect-no elementor-widget elementor-widget-text-editor\" data-id=\"0032737\" data-element_type=\"widget\" data-e-type=\"widget\" data-widget_type=\"text-editor.default\">\n\t\t\t\t<div class=\"elementor-widget-container\">\n\t\t\t\t\t\t\t\t\t<p>C\u2019est une platforme qui vous permet de faire votre pr\u00e9-domiciliation 24H\/24 7J\/7 via Internet en toute s\u00e9curit\u00e9 et m\u00eame via votre SmartPhone .<\/p>\t\t\t\t\t\t\t\t<\/div>\n\t\t\t\t<\/div>\n\t\t\t\t<div class=\"elementor-element elementor-element-f363c8d exad-sticky-section-no exad-glass-effect-no elementor-widget elementor-widget-text-editor\" data-id=\"f363c8d\" data-element_type=\"widget\" data-e-type=\"widget\" data-widget_type=\"text-editor.default\">\n\t\t\t\t<div class=\"elementor-widget-container\">\n\t\t\t\t\t\t\t\t\t<h6>Fonctionalit\u00e9s :<\/h6>\t\t\t\t\t\t\t\t<\/div>\n\t\t\t\t<\/div>\n\t\t\t\t<div class=\"elementor-element elementor-element-c0212a6 exad-sticky-section-no exad-glass-effect-no elementor-widget elementor-widget-ct_list\" data-id=\"c0212a6\" data-element_type=\"widget\" data-e-type=\"widget\" data-widget_type=\"ct_list.default\">\n\t\t\t\t<div class=\"elementor-widget-container\">\n\t\t\t\t\t    <div class=\"ct-list style1 \">\r\n                    <div class=\"ct-list-item\">\r\n            \t<div class=\"ct-list-icon\"><i class=\"fac fac-check-circle\"><\/i><\/div>\r\n            \t<div class=\"ct-list-meta\">\r\n\t            \t\t            \t<div class=\"ct-list-desc\">\r\n\t            \t\tConsultez vos comptes;\t            \t<\/div>\r\n\t            <\/div>\r\n           <\/div>\r\n                    <div class=\"ct-list-item\">\r\n            \t<div class=\"ct-list-icon\"><i class=\"fac fac-check-circle\"><\/i><\/div>\r\n            \t<div class=\"ct-list-meta\">\r\n\t            \t\t            \t<div class=\"ct-list-desc\">\r\n\t            \t\tFaites vos demandes de pr\u00e9-domiciliation;\t            \t<\/div>\r\n\t            <\/div>\r\n           <\/div>\r\n                    <div class=\"ct-list-item\">\r\n            \t<div class=\"ct-list-icon\"><i class=\"fac fac-check-circle\"><\/i><\/div>\r\n            \t<div class=\"ct-list-meta\">\r\n\t            \t\t            \t<div class=\"ct-list-desc\">\r\n\t            \t\tT\u00e9lechargez vos Swifts.\t            \t<\/div>\r\n\t            <\/div>\r\n           <\/div>\r\n            <\/div>\r\n\t\t\t\t<\/div>\n\t\t\t\t<\/div>\n\t\t            <\/div>\n        <\/div>\n                <div class=\"elementor-column elementor-col-50 elementor-inner-column elementor-element elementor-element-40726ae exad-glass-effect-no exad-sticky-section-no\" data-id=\"40726ae\" data-element_type=\"column\" data-e-type=\"column\">\n        <div class=\"elementor-widget-wrap elementor-element-populated\">\n                    \n        \t\t<div class=\"elementor-element elementor-element-33bd118 exad-sticky-section-no exad-glass-effect-no elementor-widget elementor-widget-text-editor\" data-id=\"33bd118\" data-element_type=\"widget\" data-e-type=\"widget\" data-widget_type=\"text-editor.default\">\n\t\t\t\t<div class=\"elementor-widget-container\">\n\t\t\t\t\t\t\t\t\t<h6>Avantages :<\/h6>\t\t\t\t\t\t\t\t<\/div>\n\t\t\t\t<\/div>\n\t\t\t\t<div class=\"elementor-element elementor-element-4fa5b4b exad-sticky-section-no exad-glass-effect-no elementor-widget elementor-widget-ct_list\" data-id=\"4fa5b4b\" data-element_type=\"widget\" data-e-type=\"widget\" data-widget_type=\"ct_list.default\">\n\t\t\t\t<div class=\"elementor-widget-container\">\n\t\t\t\t\t    <div class=\"ct-list style2 \">\r\n                    <div class=\"ct-list-item\">\r\n            \t<div class=\"ct-list-icon\"><i class=\"fac fac-check-circle\"><\/i><\/div>\r\n            \t<div class=\"ct-list-meta\">\r\n\t            \t\t            \t<div class=\"ct-list-desc\">\r\n\t            \t\tSimple d\u2019utilisation ;\t            \t<\/div>\r\n\t            <\/div>\r\n           <\/div>\r\n                    <div class=\"ct-list-item\">\r\n            \t<div class=\"ct-list-icon\"><i class=\"fac fac-check-circle\"><\/i><\/div>\r\n            \t<div class=\"ct-list-meta\">\r\n\t            \t\t            \t<div class=\"ct-list-desc\">\r\n\t            \t\tDisponibilit\u00e9 7j\/7 et 24h\/24;\t            \t<\/div>\r\n\t            <\/div>\r\n           <\/div>\r\n                    <div class=\"ct-list-item\">\r\n            \t<div class=\"ct-list-icon\"><i class=\"fac fac-check-circle\"><\/i><\/div>\r\n            \t<div class=\"ct-list-meta\">\r\n\t            \t\t            \t<div class=\"ct-list-desc\">\r\n\t            \t\tPermettre de renforcer et de consolider le processus de contr\u00f4le \u00e0 priori qui rel\u00e8ve de sa responsabilit\u00e9;\t            \t<\/div>\r\n\t            <\/div>\r\n           <\/div>\r\n                    <div class=\"ct-list-item\">\r\n            \t<div class=\"ct-list-icon\"><i class=\"fac fac-check-circle\"><\/i><\/div>\r\n            \t<div class=\"ct-list-meta\">\r\n\t            \t\t            \t<div class=\"ct-list-desc\">\r\n\t            \t\tMaximiser le contr\u00f4le permanent des op\u00e9rations de commerce ext\u00e9rieur avant toute domiciliation bancaire.\t            \t<\/div>\r\n\t            <\/div>\r\n           <\/div>\r\n            <\/div>\r\n\t\t\t\t<\/div>\n\t\t\t\t<\/div>\n\t\t            <\/div>\n        <\/div>\n                    <\/div>\n        <\/section>\n                    <\/div>\n        <\/div>\n                    <\/div>\n        <\/section>\n                <section class=\"elementor-section elementor-top-section elementor-element elementor-element-94a9370 elementor-section-boxed elementor-section-height-default elementor-section-height-default exad-glass-effect-no wpr-particle-no wpr-jarallax-no wpr-parallax-no wpr-sticky-section-no wpr-equal-height-no exad-sticky-section-no\" data-id=\"94a9370\" data-element_type=\"section\" data-e-type=\"section\">\n            \n                        <div class=\"elementor-container elementor-column-gap-extended \">\n                    <div class=\"elementor-column elementor-col-100 elementor-top-column elementor-element elementor-element-e3de357 exad-glass-effect-no exad-sticky-section-no\" data-id=\"e3de357\" data-element_type=\"column\" data-e-type=\"column\">\n        <div class=\"elementor-widget-wrap elementor-element-populated\">\n                    \n        \t\t<div class=\"elementor-element elementor-element-25f8eaa exad-sticky-section-no exad-glass-effect-no elementor-widget elementor-widget-ct_process\" data-id=\"25f8eaa\" data-element_type=\"widget\" data-e-type=\"widget\" data-widget_type=\"ct_process.default\">\n\t\t\t\t<div class=\"elementor-widget-container\">\n\t\t\t\t\t    <div class=\"ct-process ct-process1 style2  ct-process-4-column\">\r\n                    <div class=\"ct-process-item\">\r\n                <div class=\"ct-process-divider\"><\/div>\r\n                                    <div class=\"ct-process-icon\">\r\n                        <svg xmlns=\"http:\/\/www.w3.org\/2000\/svg\" xmlns:xlink=\"http:\/\/www.w3.org\/1999\/xlink\" id=\"_x32_\" width=\"800px\" height=\"800px\" viewBox=\"0 0 512 512\" xml:space=\"preserve\" fill=\"#000000\"><g id=\"SVGRepo_bgCarrier\" stroke-width=\"0\"><\/g><g id=\"SVGRepo_tracerCarrier\" stroke-linecap=\"round\" stroke-linejoin=\"round\"><\/g><g id=\"SVGRepo_iconCarrier\"> <style type=\"text\/css\">  .st0{fill:#ffffff;}  <\/style> <g> <path class=\"st0\" d=\"M472.547,340.554c-7.141-24.781-14.266-49.578-21.391-74.359c-2.328-8.063-4.656-16.125-6.969-24.203 l-19.344,19.344c6.266,24.672,12.531,49.344,18.797,74.031c3.094,12.156-5.016,22.969-18.344,18.813 c-21.828-9.063-45.891-15.438-69.531-16.672c-26.875-1.375-54.406,4.125-79.172,14.453c-2.797,1.156-21.484,14.609-22.234,5.063 c-0.406-22.313-0.828-44.625-1.234-66.938c-0.859-46.094-1.703-92.172-2.563-138.266c-0.047-2.641,6.328-3.969,7.641-4.469 c10.438-3.953,21.359-6.672,32.359-8.453c26.797-4.359,53.172-2.125,79.375,4.516c8.344,2.125,17.094,4.719,23.25,10.094 l12.438-12.422c-4.047-3.063-8.563-5.656-13.391-7.797c-22.234-9.953-50.453-13.891-74.578-14.453 c-25.766-0.609-52.094,3.422-76.469,11.797c-4.75,1.625-12.516-2.688-17.375-4c-5.719-1.547-11.5-2.844-17.328-3.938 c-12.844-2.375-25.875-3.672-38.938-3.875c-24.953-0.391-50.453,4.391-74.297,11.563c-5.25,1.969-1.5,0.578-0.328,0.141 c-14.875,5.625-31.188,14.813-35.875,31.125c-1.172,4.078-2.359,8.156-3.531,12.234c-5.938,20.641-11.875,41.266-17.813,61.906 c-8.125,28.219-16.234,56.422-24.359,84.625c-4.719,16.422-14.078,37.516-10.578,54.781c4.281,21.375,25.188,31.219,45.391,27.109 c7.109-1.469,13.625-4.75,20.406-7.172c11.328-4.063,22.922-7.484,34.719-9.938c28.406-5.891,57.25-2.766,85.172,4.438 c6.234,1.609,29.594,5.641,30.266,12.609c0.641,6.5,8.109,4.734,12.813,4.734c4.672,0,9.344,0,14.016,0 c4.281,0,11.453,1.484,15.516-0.297c4.078-1.766,0.938-6.234,4.781-7.906c5.234-2.266,10.656-4.141,16.094-5.828 c12.719-3.969,25.781-6.922,38.969-8.844c28.203-4.109,54.859-1.141,81.938,7.406c15.859,5,31.234,14.219,48.438,11.141 c23.453-4.156,33.047-28.125,26.891-49.5C475.063,348.913,473.75,344.741,472.547,340.554z M226.5,206.616 c-0.938,49.547-1.844,99.078-2.766,148.625c-0.063,3.313-0.969,5.375-4.656,5.281c-20.063-11.922-43.875-18.813-66.906-21.719 c-27.063-3.422-53.547,0.266-79.484,8.313c-8.047,2.484-17.047,7.953-25.578,7.953c-9.766,0-15.438-8.688-13.156-17.766 c5.969-23.453,11.906-46.922,17.875-70.375c7-27.578,13.984-55.172,21-82.75c1.75-6.859,3.484-13.734,5.234-20.609 c4.266-16.813,28.047-20,42.25-22.953c26.516-5.484,53.391-5.453,79.813,0.766c4.563,1.078,27.5,4.609,27.375,11.156 C227.156,170.569,226.828,188.601,226.5,206.616z\"><\/path> <path class=\"st0\" d=\"M304.609,311.819l69.547-14.75L512,159.257l-54.813-54.813L319.375,242.257L304.609,311.819z M485.563,159.257 L367.375,277.429l-12.203-12.203l118.188-118.172L485.563,159.257z M457.188,130.882l12.203,12.203L351.203,261.257L339,249.054 L457.188,130.882z M336.234,254.21l25.984,26l-24.203,5.328l-7.125-7.109L336.234,254.21z\"><\/path> <\/g> <\/g><\/svg>                                            <\/div>\r\n                                                    <h3 class=\"ct-process-title\">Inscription<\/h3>\r\n                                                    <div class=\"ct-process-description\">Inscrivez-vous sur la plateforme de pr\u00e9 domiciliation via le lien suivant:<\/div>\r\n                                                    <div class=\"ct-process-button\">\r\n                        <a href=\"#\">https:\/\/www.bdl-predom.com\/login.php<i class=\"fac fac-angle-right\"><\/i><\/a>\r\n                    <\/div>\r\n                            <\/div>\r\n                    <div class=\"ct-process-item\">\r\n                <div class=\"ct-process-divider\"><\/div>\r\n                                    <div class=\"ct-process-icon\">\r\n                        <i aria-hidden=\"true\" class=\"flaticon flaticon-research\"><\/i>                                            <\/div>\r\n                                                    <h3 class=\"ct-process-title\">Identifiez votre projet<\/h3>\r\n                                                    <div class=\"ct-process-description\">Identifiez-vous et faites votre demande en saisissant votre adresse mail ainsi que votre mot passe<\/div>\r\n                                            <\/div>\r\n                    <div class=\"ct-process-item\">\r\n                <div class=\"ct-process-divider\"><\/div>\r\n                                    <div class=\"ct-process-icon\">\r\n                        <i aria-hidden=\"true\" class=\"flaticon flaticon-sheet\"><\/i>                                            <\/div>\r\n                                                    <h3 class=\"ct-process-title\">Validtion<\/h3>\r\n                                                    <div class=\"ct-process-description\">Recevez la validation de votre demande dans les 48h00<\/div>\r\n                                            <\/div>\r\n                    <div class=\"ct-process-item\">\r\n                <div class=\"ct-process-divider\"><\/div>\r\n                                    <div class=\"ct-process-icon\">\r\n                        <svg xmlns=\"http:\/\/www.w3.org\/2000\/svg\" xmlns:xlink=\"http:\/\/www.w3.org\/1999\/xlink\" id=\"Layer_1\" width=\"800px\" height=\"800px\" viewBox=\"0 0 64 64\" xml:space=\"preserve\" fill=\"#000000\"><g id=\"SVGRepo_bgCarrier\" stroke-width=\"0\"><\/g><g id=\"SVGRepo_tracerCarrier\" stroke-linecap=\"round\" stroke-linejoin=\"round\"><\/g><g id=\"SVGRepo_iconCarrier\"> <g> <path fill=\"#ffffff\" d=\"M60,58c0-2.209-1.791-4-4-4h-2V25h6c1.795,0,3.369-1.194,3.852-2.922c0.484-1.728-0.242-3.566-1.775-4.497 l-28-17C33.439,0.193,32.719,0,32,0s-1.438,0.193-2.076,0.581l-28,17c-1.533,0.931-2.26,2.77-1.775,4.497 C0.632,23.806,2.207,25,4,25h6v29H8c-2.209,0-4,1.791-4,4c-2.209,0-4,1.791-4,4v2h64v-2C64,59.791,62.209,58,60,58z M52,54h-4V25h4 V54z M18,25h4v29h-4V25z M24,25h4v29h-4V25z M30,25h4v29h-4V25z M36,25h4v29h-4V25z M42,25h4v29h-4V25z M4,23 c-0.893,0-1.685-0.601-1.926-1.462c-0.241-0.859,0.124-1.784,0.888-2.247l28-17.001C31.275,2.1,31.635,2,32,2 c0.367,0,0.725,0.1,1.039,0.291l28,17c0.764,0.463,1.129,1.388,0.887,2.248C61.686,22.399,60.893,23,60,23H4z M12,25h4v29h-4V25z M8,56h48c1.105,0,2,0.896,2,2H6C6,56.896,6.896,56,8,56z M2,62c0-1.104,0.896-2,2-2h56c1.105,0,2,0.896,2,2H2z\"><\/path> <path fill=\"#ffffff\" d=\"M32,9c-2.762,0-5,2.238-5,5s2.238,5,5,5s5-2.238,5-5S34.762,9,32,9z M32,17c-1.656,0-3-1.343-3-3 s1.344-3,3-3c1.658,0,3,1.343,3,3S33.658,17,32,17z\"><\/path> <\/g> <\/g><\/svg>                                            <\/div>\r\n                                                    <h3 class=\"ct-process-title\">Pr\u00e9sentez chez la BDL<\/h3>\r\n                                                    <div class=\"ct-process-description\">Pr\u00e9sentez-vous au niveau de votre agence domiciliataire<\/div>\r\n                                            <\/div>\r\n            <\/div>\r\n\t\t\t\t<\/div>\n\t\t\t\t<\/div>\n\t\t            <\/div>\n        <\/div>\n                    <\/div>\n        <\/section>\n                <section class=\"elementor-section elementor-top-section elementor-element elementor-element-3a8969d elementor-section-boxed elementor-section-height-default elementor-section-height-default exad-glass-effect-no wpr-particle-no wpr-jarallax-no wpr-parallax-no wpr-sticky-section-no wpr-equal-height-no exad-sticky-section-no\" data-id=\"3a8969d\" data-element_type=\"section\" data-e-type=\"section\">\n            \n                        <div class=\"elementor-container elementor-column-gap-default \">\n                    <div class=\"elementor-column elementor-col-100 elementor-top-column elementor-element elementor-element-9ef6177 exad-glass-effect-no exad-sticky-section-no\" data-id=\"9ef6177\" data-element_type=\"column\" data-e-type=\"column\">\n        <div class=\"elementor-widget-wrap elementor-element-populated\">\n                    \n        \t\t<div class=\"elementor-element elementor-element-3b9a0a2 exad-sticky-section-no exad-glass-effect-no elementor-widget elementor-widget-ct_cta\" data-id=\"3b9a0a2\" data-element_type=\"widget\" data-e-type=\"widget\" data-widget_type=\"ct_cta.default\">\n\t\t\t\t<div class=\"elementor-widget-container\">\n\t\t\t\t\t<div class=\"ct-cta1 \">\r\n            <div class=\"item--holder\">\r\n            <span class=\"item--title\">Acceder \u00e0 la platforme de pr\u00e9-domiciliation d\u00e9s maintenant<\/span>\r\n            <span class=\"item--desc\"><\/span>\r\n        <\/div>\r\n                <div class=\"item--button\">\r\n            <a class=\"btn btn-gray\" href=\"https:\/\/www.bdl-predom.com\/login.php\" target=\"_blank\" rel=\"noopener\">\r\n                                                                    Parcourir            <\/a>\r\n        <\/div>\r\n    <\/div>\r\n\t\t\t\t<\/div>\n\t\t\t\t<\/div>\n\t\t            <\/div>\n        <\/div>\n                    <\/div>\n        <\/section>\n        \t\t<\/div>\n\t\t","protected":false},"excerpt":{"rendered":"<p>Pr\u00e9-domiciliation Qu&#8217;est-ce que c&#8217;est ? C\u2019est une platforme qui vous permet de faire votre pr\u00e9-domiciliation 24H\/24 7J\/7 via Internet en toute s\u00e9curit\u00e9 et m\u00eame via votre SmartPhone . Fonctionalit\u00e9s : Consultez vos comptes; Faites vos demandes de pr\u00e9-domiciliation; T\u00e9lechargez vos Swifts. Avantages : Simple d\u2019utilisation ; Disponibilit\u00e9 7j\/7 et 24h\/24; Permettre de renforcer et de consolider le processus de contr\u00f4le \u00e0 priori qui rel\u00e8ve de sa responsabilit\u00e9; Maximiser le contr\u00f4le permanent des op\u00e9rations de commerce ext\u00e9rieur avant toute domiciliation bancaire. Inscription Inscrivez-vous sur la plateforme de pr\u00e9 domiciliation via le lien suivant: https:\/\/www.bdl-predom.com\/login.php Identifiez votre projet Identifiez-vous et faites votre demande en saisissant votre adresse mail ainsi que votre mot passe Validtion Recevez la validation de votre demande dans les 48h00 Pr\u00e9sentez chez la BDL Pr\u00e9sentez-vous au niveau de votre agence domiciliataire Acceder \u00e0 la platforme de pr\u00e9-domiciliation d\u00e9s maintenant Parcourir<\/p>\n","protected":false},"author":1,"featured_media":5554,"parent":0,"menu_order":0,"comment_status":"closed","ping_status":"closed","template":"","meta":{"footnotes":""},"class_list":["post-2408","page","type-page","status-publish","has-post-thumbnail","hentry"],"_links":{"self":[{"href":"https:\/\/www.bdl.dz\/en\/wp-json\/wp\/v2\/pages\/2408","targetHints":{"allow":["GET"]}}],"collection":[{"href":"https:\/\/www.bdl.dz\/en\/wp-json\/wp\/v2\/pages"}],"about":[{"href":"https:\/\/www.bdl.dz\/en\/wp-json\/wp\/v2\/types\/page"}],"author":[{"embeddable":true,"href":"https:\/\/www.bdl.dz\/en\/wp-json\/wp\/v2\/users\/1"}],"replies":[{"embeddable":true,"href":"https:\/\/www.bdl.dz\/en\/wp-json\/wp\/v2\/comments?post=2408"}],"version-history":[{"count":0,"href":"https:\/\/www.bdl.dz\/en\/wp-json\/wp\/v2\/pages\/2408\/revisions"}],"wp:featuredmedia":[{"embeddable":true,"href":"https:\/\/www.bdl.dz\/en\/wp-json\/wp\/v2\/media\/5554"}],"wp:attachment":[{"href":"https:\/\/www.bdl.dz\/en\/wp-json\/wp\/v2\/media?parent=2408"}],"curies":[{"name":"wp","href":"https:\/\/api.w.org\/{rel}","templated":true}]}}