{"id":2455,"date":"2020-12-01T06:49:21","date_gmt":"2020-12-01T06:49:21","guid":{"rendered":"http:\/\/localhost\/bdl\/?page_id=2455"},"modified":"2023-06-05T21:20:35","modified_gmt":"2023-06-05T21:20:35","slug":"%d8%b1%d9%88%d8%a7%d8%a8%d8%b7-%d9%85%d9%87%d9%85%d8%a9","status":"publish","type":"page","link":"https:\/\/www.bdl.dz\/ar\/%d8%b1%d9%88%d8%a7%d8%a8%d8%b7-%d9%85%d9%87%d9%85%d8%a9\/","title":{"rendered":"\u0631\u0648\u0627\u0628\u0637 \u0645\u0647\u0645\u0629"},"content":{"rendered":"\t\t<div data-elementor-type=\"wp-page\" data-elementor-id=\"2455\" class=\"elementor elementor-2455\">\n\t\t\t\t        <section class=\"elementor-section elementor-top-section elementor-element elementor-element-fb7ce9d elementor-section-boxed elementor-section-height-default elementor-section-height-default exad-glass-effect-no wpr-particle-no wpr-jarallax-no wpr-parallax-no wpr-sticky-section-no wpr-equal-height-no exad-sticky-section-no\" data-id=\"fb7ce9d\" data-element_type=\"section\" data-e-type=\"section\">\n            \n                        <div class=\"elementor-container elementor-column-gap-default \">\n                    <div class=\"elementor-column elementor-col-100 elementor-top-column elementor-element elementor-element-7b880cc exad-glass-effect-no exad-sticky-section-no\" data-id=\"7b880cc\" data-element_type=\"column\" data-e-type=\"column\">\n        <div class=\"elementor-widget-wrap elementor-element-populated\">\n                    \n        \t\t<div class=\"elementor-element elementor-element-145ad21 exad-sticky-section-no exad-glass-effect-no elementor-widget elementor-widget-ct_title\" data-id=\"145ad21\" data-element_type=\"widget\" data-e-type=\"widget\" data-widget_type=\"ct_title.default\">\n\t\t\t\t<div class=\"elementor-widget-container\">\n\t\t\t\t\t<div class=\"ct-title1 style2\">\r\n    <h3>\r\n        <span>\u0631\u0648\u0627\u0628\u0637 \u0645\u0647\u0645\u0629<\/span>\r\n        <i><\/i>\r\n    <\/h3>\r\n<\/div>\t\t\t\t<\/div>\n\t\t\t\t<\/div>\n\t\t            <\/div>\n        <\/div>\n                    <\/div>\n        <\/section>\n                <section class=\"elementor-section elementor-top-section elementor-element elementor-element-11fe0ee6 elementor-section-boxed elementor-section-height-default elementor-section-height-default exad-glass-effect-no wpr-particle-no wpr-jarallax-no wpr-parallax-no wpr-sticky-section-no wpr-equal-height-no exad-sticky-section-no\" data-id=\"11fe0ee6\" data-element_type=\"section\" data-e-type=\"section\">\n            \n                        <div class=\"elementor-container elementor-column-gap-default \">\n                    <div class=\"elementor-column elementor-col-100 elementor-top-column elementor-element elementor-element-9a833a7 exad-glass-effect-no exad-sticky-section-no\" data-id=\"9a833a7\" data-element_type=\"column\" data-e-type=\"column\">\n        <div class=\"elementor-widget-wrap elementor-element-populated\">\n                    \n                <section class=\"elementor-section elementor-inner-section elementor-element elementor-element-4377403f elementor-section-boxed elementor-section-height-default elementor-section-height-default exad-glass-effect-no wpr-particle-no wpr-jarallax-no wpr-parallax-no wpr-sticky-section-no wpr-equal-height-no exad-sticky-section-no\" data-id=\"4377403f\" data-element_type=\"section\" data-e-type=\"section\">\n            \n                        <div class=\"elementor-container elementor-column-gap-default \">\n                    <div class=\"elementor-column elementor-col-50 elementor-inner-column elementor-element elementor-element-2b131bef exad-glass-effect-no exad-sticky-section-no\" data-id=\"2b131bef\" data-element_type=\"column\" data-e-type=\"column\">\n        <div class=\"elementor-widget-wrap elementor-element-populated\">\n                    \n        \t\t<div class=\"elementor-element elementor-element-3bf61b74 exad-sticky-section-no exad-glass-effect-no elementor-widget elementor-widget-ct_list\" data-id=\"3bf61b74\" data-element_type=\"widget\" data-e-type=\"widget\" data-widget_type=\"ct_list.default\">\n\t\t\t\t<div class=\"elementor-widget-container\">\n\t\t\t\t\t    <div class=\"ct-list style1 \">\r\n                    <div class=\"ct-list-item\">\r\n            \t<div class=\"ct-list-icon\"><i class=\"fac fac-check-circle\"><\/i><\/div>\r\n            \t<div class=\"ct-list-meta\">\r\n\t            \t\t            \t<div class=\"ct-list-desc\">\r\n\t            \t\t\u0628\u0646\u0643 \u0627\u0644\u062c\u0632\u0627\u0626\u0631\t            \t<\/div>\r\n\t            <\/div>\r\n           <\/div>\r\n                    <div class=\"ct-list-item\">\r\n            \t<div class=\"ct-list-icon\"><i class=\"fac fac-check-circle\"><\/i><\/div>\r\n            \t<div class=\"ct-list-meta\">\r\n\t            \t\t            \t<div class=\"ct-list-desc\">\r\n\t            \t\t\u062c\u0645\u0639\u064a\u0629 \u0627\u0644\u0628\u0646\u0648\u0643 \u0648\u0627\u0644\u0645\u0624\u0633\u0633\u0627\u062a \u0627\u0644\u0645\u0627\u0644\u064a\u0629\t            \t<\/div>\r\n\t            <\/div>\r\n           <\/div>\r\n                    <div class=\"ct-list-item\">\r\n            \t<div class=\"ct-list-icon\"><i class=\"fac fac-check-circle\"><\/i><\/div>\r\n            \t<div class=\"ct-list-meta\">\r\n\t            \t\t            \t<div class=\"ct-list-desc\">\r\n\t            \t\t\u0627\u0644\u0648\u0643\u0627\u0644\u0629 \u0627\u0644\u0648\u0637\u0646\u064a\u0629 \u0644\u062f\u0639\u0645 \u0648\u062a\u0631\u0642\u064a\u0629 \u0627\u0644\u0645\u0642\u0627\u0648\u0644\u0627\u062a\u064a\u0629\t            \t<\/div>\r\n\t            <\/div>\r\n           <\/div>\r\n                    <div class=\"ct-list-item\">\r\n            \t<div class=\"ct-list-icon\"><i class=\"fac fac-check-circle\"><\/i><\/div>\r\n            \t<div class=\"ct-list-meta\">\r\n\t            \t\t            \t<div class=\"ct-list-desc\">\r\n\t            \t\t\u0627\u0644\u0635\u0646\u062f\u0648\u0642 \u0627\u0644\u0648\u0637\u0646\u064a \u0644\u0644\u062a\u0627\u0645\u064a\u0646 \u0639\u0646 \u0627\u0644\u0628\u0637\u0627\u0644\u0629\t            \t<\/div>\r\n\t            <\/div>\r\n           <\/div>\r\n                    <div class=\"ct-list-item\">\r\n            \t<div class=\"ct-list-icon\"><i class=\"fac fac-check-circle\"><\/i><\/div>\r\n            \t<div class=\"ct-list-meta\">\r\n\t            \t\t            \t<div class=\"ct-list-desc\">\r\n\t            \t\t\u0627\u0644\u0648\u0643\u0627\u0644\u0629 \u0627\u0644\u0648\u0637\u0646\u064a\u0629 \u0644\u0644\u0642\u0631\u0636 \u0627\u0644\u0645\u0635\u063a\u0631\t            \t<\/div>\r\n\t            <\/div>\r\n           <\/div>\r\n                    <div class=\"ct-list-item\">\r\n            \t<div class=\"ct-list-icon\"><i class=\"fac fac-check-circle\"><\/i><\/div>\r\n            \t<div class=\"ct-list-meta\">\r\n\t            \t\t            \t<div class=\"ct-list-desc\">\r\n\t            \t\t\u0645\u062f\u064a\u0631\u064a\u0629 \u0627\u0644\u0645\u0624\u0633\u0633\u0627\u062a \u0627\u0644\u0643\u0628\u064a\u0631\u0629\t            \t<\/div>\r\n\t            <\/div>\r\n           <\/div>\r\n                    <div class=\"ct-list-item\">\r\n            \t<div class=\"ct-list-icon\"><i class=\"fac fac-check-circle\"><\/i><\/div>\r\n            \t<div class=\"ct-list-meta\">\r\n\t            \t\t            \t<div class=\"ct-list-desc\">\r\n\t            \t\tJibayatic\t            \t<\/div>\r\n\t            <\/div>\r\n           <\/div>\r\n                    <div class=\"ct-list-item\">\r\n            \t<div class=\"ct-list-icon\"><i class=\"fac fac-check-circle\"><\/i><\/div>\r\n            \t<div class=\"ct-list-meta\">\r\n\t            \t\t            \t<div class=\"ct-list-desc\">\r\n\t            \t\t\u0627\u0644\u0636\u0645\u0627\u0646 \u0627\u0644\u0627\u062c\u062a\u0645\u0627\u0639\u064a \u0644\u063a\u064a\u0631 \u0627\u0644\u0627\u062c\u0631\u0627\u0621\t            \t<\/div>\r\n\t            <\/div>\r\n           <\/div>\r\n                    <div class=\"ct-list-item\">\r\n            \t<div class=\"ct-list-icon\"><i class=\"fac fac-check-circle\"><\/i><\/div>\r\n            \t<div class=\"ct-list-meta\">\r\n\t            \t\t            \t<div class=\"ct-list-desc\">\r\n\t            \t\t\u0627\u0644\u0635\u0646\u062f\u0648\u0642 \u0627\u0644\u0648\u0637\u0646\u064a \u0644\u0644\u062a\u0623\u0645\u064a\u0646\u0627\u062a \u0627\u0644\u0625\u062c\u062a\u0645\u0627\u0639\u064a\u0629 \u0644\u0644\u0639\u0645\u0627\u0644 \u0627\u0644\u0623\u062c\u0631\u0627\u0621\t            \t<\/div>\r\n\t            <\/div>\r\n           <\/div>\r\n                    <div class=\"ct-list-item\">\r\n            \t<div class=\"ct-list-icon\"><i class=\"fac fac-check-circle\"><\/i><\/div>\r\n            \t<div class=\"ct-list-meta\">\r\n\t            \t\t            \t<div class=\"ct-list-desc\">\r\n\t            \t\t\u0627\u0644\u0635\u0646\u062f\u0648\u0642 \u0627\u0644\u0648\u0637\u0646\u064a \u0644\u0644\u062a\u0642\u0627\u0639\u062f\t            \t<\/div>\r\n\t            <\/div>\r\n           <\/div>\r\n                    <div class=\"ct-list-item\">\r\n            \t<div class=\"ct-list-icon\"><i class=\"fac fac-check-circle\"><\/i><\/div>\r\n            \t<div class=\"ct-list-meta\">\r\n\t            \t\t            \t<div class=\"ct-list-desc\">\r\n\t            \t\t\u0627\u0644\u0645\u0631\u0643\u0632\u0627\u0644\u0648\u0637\u0646\u064a \u0644\u0644\u0633\u062c\u0644\u0627\u062a \u0627\u0644\u062a\u062c\u0627\u0631\u064a\u0629\t            \t<\/div>\r\n\t            <\/div>\r\n           <\/div>\r\n                    <div class=\"ct-list-item\">\r\n            \t<div class=\"ct-list-icon\"><i class=\"fac fac-check-circle\"><\/i><\/div>\r\n            \t<div class=\"ct-list-meta\">\r\n\t            \t\t            \t<div class=\"ct-list-desc\">\r\n\t            \t\t\u062e\u0628\u0631\u0629 \u0627\u0644\u062c\u0632\u0627\u0626\u0631\t            \t<\/div>\r\n\t            <\/div>\r\n           <\/div>\r\n                    <div class=\"ct-list-item\">\r\n            \t<div class=\"ct-list-icon\"><i class=\"fac fac-check-circle\"><\/i><\/div>\r\n            \t<div class=\"ct-list-meta\">\r\n\t            \t\t            \t<div class=\"ct-list-desc\">\r\n\t            \t\t\u0627\u0644\u0634\u0631\u0643\u0629 \u0627\u0644\u062c\u0632\u0627\u0626\u0631\u064a\u0629 \u0644\u0644\u062e\u0628\u0631\u0629 \u0648\u0627\u0644\u0645\u0631\u0627\u0642\u0628\u0629 \u0627\u0644\u062a\u0642\u0646\u064a\u0629 \u0644\u0644\u0633\u064a\u0627\u0631\u0627\u062a\t            \t<\/div>\r\n\t            <\/div>\r\n           <\/div>\r\n                    <div class=\"ct-list-item\">\r\n            \t<div class=\"ct-list-icon\"><i class=\"fac fac-check-circle\"><\/i><\/div>\r\n            \t<div class=\"ct-list-meta\">\r\n\t            \t\t            \t<div class=\"ct-list-desc\">\r\n\t            \t\t\u0635\u0646\u062f\u0648\u0642 \u0636\u0645\u0627\u0646 \u0642\u0631\u0648\u0636 \u0627\u0644\u0627\u0633\u062a\u062b\u0645\u0627\u0631\u0627\u062a \u0644\u0644\u0645\u0624\u0633\u0633\u0627\u062a \u0627\u0644\u0635\u063a\u064a\u0631\u0629 \u0648\u0627\u0644\u0645\u062a\u0648\u0633\u0637\u0629\t            \t<\/div>\r\n\t            <\/div>\r\n           <\/div>\r\n                    <div class=\"ct-list-item\">\r\n            \t<div class=\"ct-list-icon\"><i class=\"fac fac-check-circle\"><\/i><\/div>\r\n            \t<div class=\"ct-list-meta\">\r\n\t            \t\t            \t<div class=\"ct-list-desc\">\r\n\t            \t\t\u0635\u0646\u062f\u0648\u0642 \u0636\u0645\u0627\u0646 \u0627\u0644\u0642\u0631\u0648\u0636 \u0644\u0644\u0645\u0624\u0633\u0633\u0627\u062a \u0627\u0644\u0635\u063a\u064a\u0631\u0629 \u0648\u0627\u0644\u0645\u062a\u0648\u0633\u0637\u0629\t            \t<\/div>\r\n\t            <\/div>\r\n           <\/div>\r\n                    <div class=\"ct-list-item\">\r\n            \t<div class=\"ct-list-icon\"><i class=\"fac fac-check-circle\"><\/i><\/div>\r\n            \t<div class=\"ct-list-meta\">\r\n\t            \t\t            \t<div class=\"ct-list-desc\">\r\n\t            \t\t\u0627\u0644\u0648\u0643\u0627\u0644\u0629\u0627\u0644\u0648\u0637\u0646\u064a\u0629 \u0644\u062a\u0637\u0648\u064a\u0631\u0627\u0644\u0627\u0633\u062a\u062b\u0645\u0627\u0631\t            \t<\/div>\r\n\t            <\/div>\r\n           <\/div>\r\n                    <div class=\"ct-list-item\">\r\n            \t<div class=\"ct-list-icon\"><i class=\"fac fac-check-circle\"><\/i><\/div>\r\n            \t<div class=\"ct-list-meta\">\r\n\t            \t\t            \t<div class=\"ct-list-desc\">\r\n\t            \t\t\u0627\u0644\u0648\u0643\u0627\u0644\u0629 \u0627\u0644\u0648\u0637\u0646\u064a\u0629 \u0644\u0644\u0648\u0633\u0627\u0637\u0629 \u0648\u0627\u0644\u0636\u0628\u0637 \u0627\u0644\u0639\u0642\u0627\u0631\u064a\t            \t<\/div>\r\n\t            <\/div>\r\n           <\/div>\r\n                    <div class=\"ct-list-item\">\r\n            \t<div class=\"ct-list-icon\"><i class=\"fac fac-check-circle\"><\/i><\/div>\r\n            \t<div class=\"ct-list-meta\">\r\n\t            \t\t            \t<div class=\"ct-list-desc\">\r\n\t            \t\t\u0627\u0644\u0648\u0643\u0627\u0644\u0629 \u0627\u0644\u0648\u0637\u0646\u064a\u0629 \u0644\u0644\u062a\u0634\u063a\u064a\u0644\t            \t<\/div>\r\n\t            <\/div>\r\n           <\/div>\r\n                    <div class=\"ct-list-item\">\r\n            \t<div class=\"ct-list-icon\"><i class=\"fac fac-check-circle\"><\/i><\/div>\r\n            \t<div class=\"ct-list-meta\">\r\n\t            \t\t            \t<div class=\"ct-list-desc\">\r\n\t            \t\t\u0635\u0646\u062f\u0648\u0642 \u0636\u0645\u0627\u0646 \u0648\u0636\u0645\u0627\u0646 \u0627\u0644\u0645\u062a\u0628\u0627\u062f\u0644 \u0644\u0644\u062a\u0631\u0648\u064a\u062c \u0627\u0644\u0639\u0642\u0627\u0631\u064a\t            \t<\/div>\r\n\t            <\/div>\r\n           <\/div>\r\n            <\/div>\r\n\t\t\t\t<\/div>\n\t\t\t\t<\/div>\n\t\t            <\/div>\n        <\/div>\n                <div class=\"elementor-column elementor-col-50 elementor-inner-column elementor-element elementor-element-5a86f269 exad-glass-effect-no exad-sticky-section-no\" data-id=\"5a86f269\" data-element_type=\"column\" data-e-type=\"column\">\n        <div class=\"elementor-widget-wrap elementor-element-populated\">\n                    \n        \t\t<div class=\"elementor-element elementor-element-6a25be84 exad-sticky-section-no exad-glass-effect-no elementor-widget elementor-widget-ct_list\" data-id=\"6a25be84\" data-element_type=\"widget\" data-e-type=\"widget\" data-widget_type=\"ct_list.default\">\n\t\t\t\t<div class=\"elementor-widget-container\">\n\t\t\t\t\t    <div class=\"ct-list style1 \">\r\n                    <div class=\"ct-list-item\">\r\n            \t<div class=\"ct-list-icon\"><i class=\"fac fac-check-circle\"><\/i><\/div>\r\n            \t<div class=\"ct-list-meta\">\r\n\t            \t\t            \t<div class=\"ct-list-desc\">\r\n\t            \t\t\u062e\u062f\u0645\u0627\u062a E-Banking\t            \t<\/div>\r\n\t            <\/div>\r\n           <\/div>\r\n                    <div class=\"ct-list-item\">\r\n            \t<div class=\"ct-list-icon\"><i class=\"fac fac-check-circle\"><\/i><\/div>\r\n            \t<div class=\"ct-list-meta\">\r\n\t            \t\t            \t<div class=\"ct-list-desc\">\r\n\t            \t\t\u0645\u0627\u0633\u062a\u0631 \u0643\u0627\u0631\u062f\t            \t<\/div>\r\n\t            <\/div>\r\n           <\/div>\r\n                    <div class=\"ct-list-item\">\r\n            \t<div class=\"ct-list-icon\"><i class=\"fac fac-check-circle\"><\/i><\/div>\r\n            \t<div class=\"ct-list-meta\">\r\n\t            \t\t            \t<div class=\"ct-list-desc\">\r\n\t            \t\t\u0641\u064a\u0632\u0627\t            \t<\/div>\r\n\t            <\/div>\r\n           <\/div>\r\n                    <div class=\"ct-list-item\">\r\n            \t<div class=\"ct-list-icon\"><i class=\"fac fac-check-circle\"><\/i><\/div>\r\n            \t<div class=\"ct-list-meta\">\r\n\t            \t\t            \t<div class=\"ct-list-desc\">\r\n\t            \t\t\u0628\u0637\u0627\u0642\u062a\u064a\t            \t<\/div>\r\n\t            <\/div>\r\n           <\/div>\r\n                    <div class=\"ct-list-item\">\r\n            \t<div class=\"ct-list-icon\"><i class=\"fac fac-check-circle\"><\/i><\/div>\r\n            \t<div class=\"ct-list-meta\">\r\n\t            \t\t            \t<div class=\"ct-list-desc\">\r\n\t            \t\t\u0627\u0644\u062e\u062f\u0645\u0627\u062a \u0627\u0644\u0645\u0635\u0631\u0641\u064a\u0629 \u0627\u0644\u0625\u0644\u0643\u062a\u0631\u0648\u0646\u064a\u0629\t            \t<\/div>\r\n\t            <\/div>\r\n           <\/div>\r\n                    <div class=\"ct-list-item\">\r\n            \t<div class=\"ct-list-icon\"><i class=\"fac fac-check-circle\"><\/i><\/div>\r\n            \t<div class=\"ct-list-meta\">\r\n\t            \t\t            \t<div class=\"ct-list-desc\">\r\n\t            \t\tAMANA \u0627\u0644\u0627\u062f\u062e\u0627\u0631 \u0648\u0627\u0644\u062a\u0623\u0645\u064a\u0646 \u0627\u0644\u0635\u062d\u064a\t            \t<\/div>\r\n\t            <\/div>\r\n           <\/div>\r\n                    <div class=\"ct-list-item\">\r\n            \t<div class=\"ct-list-icon\"><i class=\"fac fac-check-circle\"><\/i><\/div>\r\n            \t<div class=\"ct-list-meta\">\r\n\t            \t\t            \t<div class=\"ct-list-desc\">\r\n\t            \t\t\u0634\u0631\u0643\u0629 \u0627\u0644\u062a\u0623\u0645\u064a\u0646 \u0627\u0644\u0648\u0637\u0646\u064a\u0629\t            \t<\/div>\r\n\t            <\/div>\r\n           <\/div>\r\n                    <div class=\"ct-list-item\">\r\n            \t<div class=\"ct-list-icon\"><i class=\"fac fac-check-circle\"><\/i><\/div>\r\n            \t<div class=\"ct-list-meta\">\r\n\t            \t\t            \t<div class=\"ct-list-desc\">\r\n\t            \t\t\u062a\u0623\u062c\u064a\u0631\u0627\u0644\u062c\u0632\u0627\u0626\u0631\t            \t<\/div>\r\n\t            <\/div>\r\n           <\/div>\r\n                    <div class=\"ct-list-item\">\r\n            \t<div class=\"ct-list-icon\"><i class=\"fac fac-check-circle\"><\/i><\/div>\r\n            \t<div class=\"ct-list-meta\">\r\n\t            \t\t            \t<div class=\"ct-list-desc\">\r\n\t            \t\t\u0627\u0644\u062f\u064a\u0648\u0627\u0646 \u0627\u0644\u0648\u0637\u0646\u064a \u0644\u0644\u0625\u062d\u0635\u0627\u0626\u064a\u0627\u062a\t            \t<\/div>\r\n\t            <\/div>\r\n           <\/div>\r\n                    <div class=\"ct-list-item\">\r\n            \t<div class=\"ct-list-icon\"><i class=\"fac fac-check-circle\"><\/i><\/div>\r\n            \t<div class=\"ct-list-meta\">\r\n\t            \t\t            \t<div class=\"ct-list-desc\">\r\n\t            \t\t\u0627\u0644\u0623\u0645\u0627\u0646\u0629 \u0627\u0644\u0639\u0627\u0645\u0629 \u0644\u0644\u062d\u0643\u0648\u0645\u0629\t            \t<\/div>\r\n\t            <\/div>\r\n           <\/div>\r\n                    <div class=\"ct-list-item\">\r\n            \t<div class=\"ct-list-icon\"><i class=\"fac fac-check-circle\"><\/i><\/div>\r\n            \t<div class=\"ct-list-meta\">\r\n\t            \t\t            \t<div class=\"ct-list-desc\">\r\n\t            \t\t\u0627\u0644\u0646\u0642\u0627\u0628\u0629 \u0627\u0644\u0648\u0637\u0646\u064a\u0629 \u0627\u0644\u062c\u0632\u0627\u0626\u0631\u064a\u0629 \u0644\u0644\u0635\u064a\u0627\u062f\u0644\u0629 \u0627\u0644\u062e\u0648\u0627\u0635\t            \t<\/div>\r\n\t            <\/div>\r\n           <\/div>\r\n                    <div class=\"ct-list-item\">\r\n            \t<div class=\"ct-list-icon\"><i class=\"fac fac-check-circle\"><\/i><\/div>\r\n            \t<div class=\"ct-list-meta\">\r\n\t            \t\t            \t<div class=\"ct-list-desc\">\r\n\t            \t\t\u0645\u0646\u062a\u062f\u0649 \u0631\u0624\u0633\u0627\u0621 \u0627\u0644\u0645\u0624\u0633\u0633\u0627\u062a\t            \t<\/div>\r\n\t            <\/div>\r\n           <\/div>\r\n                    <div class=\"ct-list-item\">\r\n            \t<div class=\"ct-list-icon\"><i class=\"fac fac-check-circle\"><\/i><\/div>\r\n            \t<div class=\"ct-list-meta\">\r\n\t            \t\t            \t<div class=\"ct-list-desc\">\r\n\t            \t\t\u0627\u0644\u063a\u0631\u0641\u0629 \u0627\u0644\u062c\u0632\u0627\u0626\u0631\u064a\u0629 \u0644\u0644\u062a\u062c\u0627\u0631\u0629 \u0648 \u0627\u0644\u0635\u0646\u0627\u0639\u0629\t            \t<\/div>\r\n\t            <\/div>\r\n           <\/div>\r\n                    <div class=\"ct-list-item\">\r\n            \t<div class=\"ct-list-icon\"><i class=\"fac fac-check-circle\"><\/i><\/div>\r\n            \t<div class=\"ct-list-meta\">\r\n\t            \t\t            \t<div class=\"ct-list-desc\">\r\n\t            \t\t\u0627\u0644\u0648\u0643\u0627\u0644\u0629 \u0627\u0644\u0648\u0637\u0646\u064a\u0629 \u0644\u0644\u0646\u0647\u0648\u0636 \u0628\u0627\u0644\u062a\u062c\u0627\u0631\u0629 \u0627\u0644\u062e\u0627\u0631\u062c\u064a\u0629\t            \t<\/div>\r\n\t            <\/div>\r\n           <\/div>\r\n                    <div class=\"ct-list-item\">\r\n            \t<div class=\"ct-list-icon\"><i class=\"fac fac-check-circle\"><\/i><\/div>\r\n            \t<div class=\"ct-list-meta\">\r\n\t            \t\t            \t<div class=\"ct-list-desc\">\r\n\t            \t\t\u0627\u0644\u062c\u0645\u0627\u0631\u0643 \u0627\u0644\u062c\u0632\u0627\u0626\u0631\u064a\u0629\t            \t<\/div>\r\n\t            <\/div>\r\n           <\/div>\r\n                    <div class=\"ct-list-item\">\r\n            \t<div class=\"ct-list-icon\"><i class=\"fac fac-check-circle\"><\/i><\/div>\r\n            \t<div class=\"ct-list-meta\">\r\n\t            \t\t            \t<div class=\"ct-list-desc\">\r\n\t            \t\t\u0627\u0644\u0648\u0643\u0627\u0644\u0629 \u0627\u0644\u0648\u0637\u0646\u064a\u0629 \u0644\u062a\u0646\u0645\u064a\u0629 \u0627\u0644\u0645\u0634\u0627\u0631\u064a\u0639 \u0627\u0644\u0635\u063a\u064a\u0631\u0629 \u0648\u0627\u0644\u0645\u062a\u0648\u0633\u0637\u0629\t            \t<\/div>\r\n\t            <\/div>\r\n           <\/div>\r\n                    <div class=\"ct-list-item\">\r\n            \t<div class=\"ct-list-icon\"><i class=\"fac fac-check-circle\"><\/i><\/div>\r\n            \t<div class=\"ct-list-meta\">\r\n\t            \t\t            \t<div class=\"ct-list-desc\">\r\n\t            \t\t\u0645\u0643\u062a\u0628 \u0627\u0644\u0633\u064a\u0627\u062d\u0629 \u0627\u0644\u0648\u0637\u0646\u064a\t            \t<\/div>\r\n\t            <\/div>\r\n           <\/div>\r\n                    <div class=\"ct-list-item\">\r\n            \t<div class=\"ct-list-icon\"><i class=\"fac fac-check-circle\"><\/i><\/div>\r\n            \t<div class=\"ct-list-meta\">\r\n\t            \t\t            \t<div class=\"ct-list-desc\">\r\n\t            \t\t\u0645\u0646\u0635\u0629 \u0625\u062f\u0645\u0627\u062c \u0627\u0644\u062f\u0641\u0639 \u0627\u0644\u0627\u0644\u0643\u062a\u0631\u0648\u0646\u064a\t            \t<\/div>\r\n\t            <\/div>\r\n           <\/div>\r\n            <\/div>\r\n\t\t\t\t<\/div>\n\t\t\t\t<\/div>\n\t\t            <\/div>\n        <\/div>\n                    <\/div>\n        <\/section>\n                    <\/div>\n        <\/div>\n                    <\/div>\n        <\/section>\n        \t\t<\/div>\n\t\t","protected":false},"excerpt":{"rendered":"<p>Liens utiles Banque d&#8217;Alg\u00e9rie Association des Banques et Etablissements Financiers Agence nationale de soutien \u00e0 l&#8217;emploi des jeunes Caisse nationale d&#8217;assurance-ch\u00f4mage Agence Nationale de gestion du Micro-cr\u00e9dit Direction des grandes Entreprises Jibayatic Caisse nationale de s\u00e9curit\u00e9 sociale des non-salari\u00e9s Caisse Nationale des Assurances Sociales des Travailleurs Salari\u00e9s Caisse Nationale des retraites Centre National du Registre du Commerce Expertise Alg\u00e9rie Soci\u00e9t\u00e9 Alg\u00e9rienne d&#8217;Expertise et du Contr\u00f4le Technique Automobile Caisse de Garantie des Cr\u00e9dits d&#8217;Investissement Fonds de garantie des cr\u00e9dits aux PME Agence Nationale de D\u00e9veloppement de l&#8217;Investissement Agence Nationale de D\u00e9veloppement de la PME &nbsp; Algeria E-Banking Services Mastercard Visa Bitakati GIE Monetique AMANA Assurance pr\u00e9voyance &amp; sant\u00e9 Soci\u00e9t\u00e9 Nationale d&#8217;Assurance Leasing Alg\u00e9rie Agence Nationale d&#8217;Intermediation et de R\u00e9gulation Fonci\u00e8re Agence Nationale de l&#8217;Emploi Office National des Statistiques SGG Alg\u00e9rie Syndicat National Algerien des Pharmaciens d&#8217;Officine Forum des Chefs d\u2019entreprise Chambre Alg\u00e9rienne de Commerce et d&#8217;Industrie Agence Nationale de Promotion du Commerce Ext\u00e9rieur Douanes Alg\u00e9riennes Office National du Tourisme Fonds de Garantie et de Caution Mutuelle de la Promotion Immobili\u00e8re<\/p>\n","protected":false},"author":1,"featured_media":8572,"parent":0,"menu_order":0,"comment_status":"closed","ping_status":"closed","template":"","meta":{"footnotes":""},"class_list":["post-2455","page","type-page","status-publish","has-post-thumbnail","hentry"],"_links":{"self":[{"href":"https:\/\/www.bdl.dz\/ar\/wp-json\/wp\/v2\/pages\/2455","targetHints":{"allow":["GET"]}}],"collection":[{"href":"https:\/\/www.bdl.dz\/ar\/wp-json\/wp\/v2\/pages"}],"about":[{"href":"https:\/\/www.bdl.dz\/ar\/wp-json\/wp\/v2\/types\/page"}],"author":[{"embeddable":true,"href":"https:\/\/www.bdl.dz\/ar\/wp-json\/wp\/v2\/users\/1"}],"replies":[{"embeddable":true,"href":"https:\/\/www.bdl.dz\/ar\/wp-json\/wp\/v2\/comments?post=2455"}],"version-history":[{"count":0,"href":"https:\/\/www.bdl.dz\/ar\/wp-json\/wp\/v2\/pages\/2455\/revisions"}],"wp:featuredmedia":[{"embeddable":true,"href":"https:\/\/www.bdl.dz\/ar\/wp-json\/wp\/v2\/media\/8572"}],"wp:attachment":[{"href":"https:\/\/www.bdl.dz\/ar\/wp-json\/wp\/v2\/media?parent=2455"}],"curies":[{"name":"wp","href":"https:\/\/api.w.org\/{rel}","templated":true}]}}